{"id":4509,"date":"2016-12-15T11:47:31","date_gmt":"2016-12-15T10:47:31","guid":{"rendered":"https:\/\/algosur.es\/contact\/"},"modified":"2023-03-02T11:41:57","modified_gmt":"2023-03-02T10:41:57","slug":"contact","status":"publish","type":"page","link":"https:\/\/algosur.es\/en\/contact\/","title":{"rendered":"Contact"},"content":{"rendered":"<p class=\"no-margin\"><img  title=\"Contact - Algosur\" loading=\"lazy\" decoding=\"async\" class=\"aligncenter size-full wp-image-672 img-full\" src=\"http:\/\/algosur.es\/wp-content\/uploads\/2019\/05\/cabecera-conjunto.jpg\"  alt=\"Contact - Algosur\"  width=\"1600\" height=\"550\" srcset=\"https:\/\/algosur.es\/wp-content\/uploads\/2019\/05\/cabecera-conjunto.jpg 1600w, https:\/\/algosur.es\/wp-content\/uploads\/2019\/05\/cabecera-conjunto-300x103.jpg 300w, https:\/\/algosur.es\/wp-content\/uploads\/2019\/05\/cabecera-conjunto-768x264.jpg 768w, https:\/\/algosur.es\/wp-content\/uploads\/2019\/05\/cabecera-conjunto-1024x352.jpg 1024w\" sizes=\"auto, (max-width: 1600px) 100vw, 1600px\" \/><\/p>\n<div class=\"sheet clearfix\">\n<h1 class=\"titulo-pagina\">Contact<\/h1>\n<\/div>\n<section class=\"container-fluid my-5 py-5\">\n<div class=\"row-wp\">\n<div class=\"cell-wp\">\n<h3 class=\"titulo-princ\">Call us or send us a message<\/h3>\n<p class=\"texto mb-0\"><strong>T<\/strong>.<a href=\"tel:+34955972671\" onclick=\"ga('send','event','Seguimiento de llamadas','Click Bot\u00f3n','Tel\u00e9fono Cabecera');\">+34 955 97 26 71<\/a><\/p>\n<p class=\"texto\">Ctra Lebrija-Trebujena km 5.5. 41740. Lebrija &#8211; Sevilla.<\/p>\n<\/div>\n<div class=\"cell-wp\">\n<div class=\"wpcf7 no-js\" id=\"wpcf7-f4533-o1\" lang=\"en-US\" dir=\"ltr\" data-wpcf7-id=\"4533\">\n<div class=\"screen-reader-response\">\n<p role=\"status\" aria-live=\"polite\" aria-atomic=\"true\">\n<ul><\/ul>\n<\/div>\n<form action=\"\/en\/wp-json\/wp\/v2\/pages\/4509#wpcf7-f4533-o1\" method=\"post\" class=\"wpcf7-form init\" aria-label=\"Contact form\" novalidate=\"novalidate\" data-status=\"init\">\n<div style=\"display: none;\">\n<input type=\"hidden\" name=\"_wpcf7\" value=\"4533\" \/><br \/>\n<input type=\"hidden\" name=\"_wpcf7_version\" value=\"6.0\" \/><br \/>\n<input type=\"hidden\" name=\"_wpcf7_locale\" value=\"en_US\" \/><br \/>\n<input type=\"hidden\" name=\"_wpcf7_unit_tag\" value=\"wpcf7-f4533-o1\" \/><br \/>\n<input type=\"hidden\" name=\"_wpcf7_container_post\" value=\"0\" \/><br \/>\n<input type=\"hidden\" name=\"_wpcf7_posted_data_hash\" value=\"\" \/><br \/>\n<input type=\"hidden\" name=\"_wpcf7_recaptcha_response\" value=\"\" \/>\n<\/div>\n<div class=\"one_half\">\n<p><span class=\"wpcf7-form-control-wrap\" data-name=\"your-name\"><input size=\"40\" maxlength=\"400\" class=\"wpcf7-form-control wpcf7-text wpcf7-validates-as-required formulario\" aria-required=\"true\" aria-invalid=\"false\" placeholder=\"Name (*)\" value=\"\" type=\"text\" name=\"your-name\" \/><\/span>\n\t<\/p>\n<\/div>\n<div class=\"one_half last\">\n<p><span class=\"wpcf7-form-control-wrap\" data-name=\"your-email\"><input size=\"40\" maxlength=\"400\" class=\"wpcf7-form-control wpcf7-email wpcf7-validates-as-required wpcf7-text wpcf7-validates-as-email formulario\" aria-required=\"true\" aria-invalid=\"false\" placeholder=\"E-mail (*)\" value=\"\" type=\"email\" name=\"your-email\" \/><\/span>\n\t<\/p>\n<\/div>\n<div class=\"clear\">\n<\/div>\n<div class=\"one_half\">\n<p><span class=\"wpcf7-form-control-wrap\" data-name=\"tel-579\"><input size=\"40\" maxlength=\"400\" class=\"wpcf7-form-control wpcf7-tel wpcf7-text wpcf7-validates-as-tel formulario\" aria-invalid=\"false\" placeholder=\"Phone\" value=\"\" type=\"tel\" name=\"tel-579\" \/><\/span>\n\t<\/p>\n<\/div>\n<div class=\"one_half last\">\n<p><span class=\"wpcf7-form-control-wrap\" data-name=\"menu-793\"><select class=\"wpcf7-form-control wpcf7-select\" aria-invalid=\"false\" name=\"menu-793\"><option value=\"Choose profile\">Choose profile<\/option><option value=\"Vendor\">Vendor<\/option><option value=\"Client\">Client<\/option><option value=\"Farmer\">Farmer<\/option><\/select><\/span>\n\t<\/p>\n<\/div>\n<div class=\"clear\">\n<\/div>\n<p><span class=\"wpcf7-form-control-wrap\" data-name=\"your-message\"><textarea cols=\"40\" rows=\"5\" maxlength=\"2000\" class=\"wpcf7-form-control wpcf7-textarea formulario\" aria-invalid=\"false\" placeholder=\"Message\" name=\"your-message\"><\/textarea><\/span>\n<\/p>\n<p style=\"text-align:center;\"><span class=\"wpcf7-form-control-wrap\" data-name=\"acceptance-771\"><span class=\"wpcf7-form-control wpcf7-acceptance\"><span class=\"wpcf7-list-item\"><input type=\"checkbox\" name=\"acceptance-771\" value=\"1\" aria-invalid=\"false\" \/><\/span><\/span><\/span> I have read and accepted <a href=\"https:\/\/www.algosur.es\/en\/privacy-policy\" target=\"_blank\">the privacy policy<\/a> and <a href=\"https:\/\/www.algosur.es\/en\/legal-notice\" target=\"_blank\">the legal notice<\/a>\n<\/p>\n<p style=\"text-align:center;\"><input class=\"wpcf7-form-control wpcf7-submit has-spinner formulario-button\" type=\"submit\" value=\"Send\" \/>\n<\/p>\n<p><small>La comunicaci\u00f3n enviada quedar\u00e1 incorporada a un fichero del que es responsable ALGODONERA DEL SUR, S.A.. Esta comunicaci\u00f3n se utilizar\u00e1 exclusivamente para tratar sus datos para atender su solicitud, siempre de acuerdo al Reglamento (UE) 2016\/679 (RGPD), la Ley Org\u00e1nica 15\/1999 (LOPD) y el Real Decreto 1720\/2007 de desarrollo de la LOPD), sobre protecci\u00f3n de datos. Sus datos no se comunicaran a terceros, excepto por obligaci\u00f3n legal, y se mantendr\u00e1n mientras no solicite su cancelaci\u00f3n.<\/small>\n<\/p>\n<p><small>En cualquier momento usted puede ejercer los derechos de acceso, rectificaci\u00f3n, portabilidad y oposici\u00f3n, o si procede, a la limitaci\u00f3n y\/o cancelaci\u00f3n del tratamiento, comunic\u00e1ndolo por escrito, indicando sus datos personales a Ctra. Lebrija &#8211;\u00a0 Trebujena, Km 5.5 41740, Lebrija o mediante un email a algosur@algosur.com.<\/small>\n<\/p>\n<p style=\"display: none !important;\" class=\"akismet-fields-container\" data-prefix=\"_wpcf7_ak_\"><label>&#916;<textarea name=\"_wpcf7_ak_hp_textarea\" cols=\"45\" rows=\"8\" maxlength=\"100\"><\/textarea><\/label><input type=\"hidden\" id=\"ak_js_1\" name=\"_wpcf7_ak_js\" value=\"126\"\/><script>document.getElementById( \"ak_js_1\" ).setAttribute( \"value\", ( new Date() ).getTime() );<\/script><\/p>\n<div class=\"wpcf7-response-output\" aria-hidden=\"true\"><\/div>\n<\/form>\n<\/div>\n<\/div>\n<\/div>\n<\/section>\n","protected":false},"excerpt":{"rendered":"<p>Contact Call us or send us a message T.+34 955 97 26 71 Ctra Lebrija-Trebujena km 5.5. 41740. Lebrija &#8211; Sevilla.<\/p>\n","protected":false},"author":2,"featured_media":0,"parent":0,"menu_order":0,"comment_status":"closed","ping_status":"closed","template":"diseno-full.php","meta":{"_seopress_robots_primary_cat":"0","_seopress_titles_title":"Contact companies in the agro-industrial sector - Algosur","_seopress_titles_desc":"Do you need to contact us? Fill out the form and at Algosur we will reply to you as soon as possible.","_seopress_robots_index":"","inline_featured_image":false,"footnotes":""},"class_list":["post-4509","page","type-page","status-publish","hentry"],"_links":{"self":[{"href":"https:\/\/algosur.es\/en\/wp-json\/wp\/v2\/pages\/4509","targetHints":{"allow":["GET"]}}],"collection":[{"href":"https:\/\/algosur.es\/en\/wp-json\/wp\/v2\/pages"}],"about":[{"href":"https:\/\/algosur.es\/en\/wp-json\/wp\/v2\/types\/page"}],"author":[{"embeddable":true,"href":"https:\/\/algosur.es\/en\/wp-json\/wp\/v2\/users\/2"}],"replies":[{"embeddable":true,"href":"https:\/\/algosur.es\/en\/wp-json\/wp\/v2\/comments?post=4509"}],"version-history":[{"count":1,"href":"https:\/\/algosur.es\/en\/wp-json\/wp\/v2\/pages\/4509\/revisions"}],"predecessor-version":[{"id":4537,"href":"https:\/\/algosur.es\/en\/wp-json\/wp\/v2\/pages\/4509\/revisions\/4537"}],"wp:attachment":[{"href":"https:\/\/algosur.es\/en\/wp-json\/wp\/v2\/media?parent=4509"}],"curies":[{"name":"wp","href":"https:\/\/api.w.org\/{rel}","templated":true}]}}