{"id":5160,"date":"2019-05-13T13:26:07","date_gmt":"2019-05-13T11:26:07","guid":{"rendered":"https:\/\/algosur.es\/?page_id=5160"},"modified":"2023-04-05T14:03:28","modified_gmt":"2023-04-05T12:03:28","slug":"hersteller-und-vertreiber-von-quinoa-in-spanien","status":"publish","type":"page","link":"https:\/\/algosur.es\/de\/produkte\/superfoods-und-snacks\/hersteller-und-vertreiber-von-quinoa-in-spanien\/","title":{"rendered":"Hersteller und Vertreiber von Quinoa in Spanien"},"content":{"rendered":"<p class=\"no-margin\"><img  title=\"Hersteller und Vertreiber von Quinoa in Spanien - Algosur\" loading=\"lazy\" decoding=\"async\" class=\"aligncenter size-full wp-image-662 img-full\" src=\"http:\/\/algosur.es\/wp-content\/uploads\/2019\/05\/cabecera-quinoa02.jpg\"  alt=\"Hersteller und Vertreiber von Quinoa in Spanien - Algosur\"  width=\"1600\" height=\"550\" srcset=\"https:\/\/algosur.es\/wp-content\/uploads\/2019\/05\/cabecera-quinoa02.jpg 1600w, https:\/\/algosur.es\/wp-content\/uploads\/2019\/05\/cabecera-quinoa02-300x103.jpg 300w, https:\/\/algosur.es\/wp-content\/uploads\/2019\/05\/cabecera-quinoa02-768x264.jpg 768w, https:\/\/algosur.es\/wp-content\/uploads\/2019\/05\/cabecera-quinoa02-1024x352.jpg 1024w\" sizes=\"auto, (max-width: 1600px) 100vw, 1600px\" \/><\/p>\n<div class=\"sheet clearfix\">\n<h1 class=\"titulo-pagina\">Hersteller und Vertreiber von Quinoa in Spanien<\/h1>\n<\/div>\n<div class=\"sheet clearfix dos-columnas\">\n<p>Algosur entschied sich vor mehr als einem Jahrzehnt f\u00fcr eine unabh\u00e4ngige Forschungslinie, um die Umsetzung der Kultur im Gebiet des Guadalquivir-Tals zu entwickeln und zu unterst\u00fctzen. Nach dem beharrlichen Engagement f\u00fcr eine solche Umsetzung ist es das einzige Unternehmen in Spanien, das es geschafft hat, Quinoa an die agroklimatischen Eigenschaften Andalusiens anzupassen, indem es umfassend effizient produziert und ein integrales kommerzielles Getreide von gro\u00dfer biologischer Qualit\u00e4t erreicht.<\/p>\n<p>Quinoa (Chenopodium quinoa) ist ein Getreide, das Proteine \u200b\u200bund Verbindungen liefert, die herk\u00f6mmlichem Getreide qualitativ \u00fcberlegen sind. Derzeit ist es als &#8222;Superfood&#8220; definiert &#8230; geeignet f\u00fcr Z\u00f6liakie aufgrund des Fehlens von Gluten. Dar\u00fcber hinaus ist es aufgrund seines niedrigen glyk\u00e4mischen Index ideal f\u00fcr Vegetarier, Veganer, Sportler und Diabetiker. Es enth\u00e4lt alle essentiellen Aminos\u00e4uren, was es zu einem der vollst\u00e4ndigsten Lebensmittel macht.<\/p>\n<p>Unsere Quinoa, die sich dadurch auszeichnet, dass sie vollst\u00e4ndig (Vollkorn), saponinfrei, reich an Ballaststoffen und Antioxidantien ist, da sie nicht wie die \u00fcbrigen Quinoas gesch\u00e4lt werden muss, mit einem au\u00dfergew\u00f6hnlichen Transformationsverhalten: Mehle, Nudeln, Fertiggerichte , gefroren usw., die bei allen Tests, bei denen ihre organoleptischen und konservierenden Eigenschaften hoch gesch\u00e4tzt wurden, eine bemerkenswerte Akzeptanz gefunden haben.<\/p>\n<p>Algosur verkauft herk\u00f6mmliches wei\u00dfes, wei\u00dfes und rotes Bio-Quinoa in verschiedenen Formaten (1.000-kg-Big-Bags, 25-kg-S\u00e4cke, 1-3-kg-Pakete, 250-g- bis 500-kg-Pakete).<\/p>\n<\/div>\n<div class=\"table-wp\">\n<div class=\"row-wp\">\n<div class=\"cell-wp fondo-verde\"><img  title=\"Hersteller und Vertreiber von Quinoa in Spanien - Algosur\" loading=\"lazy\" decoding=\"async\" class=\"aligncenter size-full wp-image-670 imagen-100 img-full\" src=\"http:\/\/algosur.es\/wp-content\/uploads\/2019\/05\/quinoa03.jpg\"  alt=\"Hersteller und Vertreiber von Quinoa in Spanien - Algosur\"  width=\"929\" height=\"663\" srcset=\"https:\/\/algosur.es\/wp-content\/uploads\/2019\/05\/quinoa03.jpg 929w, https:\/\/algosur.es\/wp-content\/uploads\/2019\/05\/quinoa03-300x214.jpg 300w, https:\/\/algosur.es\/wp-content\/uploads\/2019\/05\/quinoa03-768x548.jpg 768w\" sizes=\"auto, (max-width: 929px) 100vw, 929px\" \/><\/div>\n<div class=\"cell-wp fondo-gris\">\n<div class=\"padding-5\">\n<p class=\"texto\">Nach jahrelanger Forschung ist es Algosur gelungen, Quinoa-Sorten an unser Klima anzupassen und dabei nicht nur hohe Ertr\u00e4ge, sondern auch die vom Markt geforderte Liefer- und Qualit\u00e4tssicherheit zu erreichen. Dieses integrierte Projekt erm\u00f6glicht es Transformatoren und Verbrauchern, sich mit in Spanien produziertem Rohmaterial zu versorgen.<\/p>\n<div class=\"table-wp\">\n<div class=\"row-wp\">\n<div class=\"cell-wp cell-top \">\n<h2>Quinoa-Klassen<\/h2>\n<ul>\n<li>herk\u00f6mmliches wei\u00df<\/li>\n<li>organisch wei\u00df<\/li>\n<li>Rot<\/li>\n<\/ul>\n<\/div>\n<div class=\"cell-wp cell-top \">\n<h2>Formate<\/h2>\n<p class=\"texto\">Unsere Fabrik ist f\u00fcr die Verpackung in den folgenden Formaten konditioniert:<\/p>\n<ul>\n<li>Big-Bag von 1.000 kg<\/li>\n<li>25-kg-S\u00e4cke<\/li>\n<li>1-3kg Pakete<\/li>\n<li>Pakete von 250 g bis 500 kg<\/li>\n<\/ul>\n<\/div>\n<\/div>\n<\/div>\n<p class=\"texto\">Die Mutter aller Getreidearten, Inkareis, Superfood, Muttergetreide, das heilige Getreide, das waren einige der vielen Namen, die dieses urspr\u00fcnglich aus den Anden stammende Getreide angenommen hat: Quinoa. Quinoa (Chenopodium quinoa Willd) ist eine Amaranthacee-Pflanze, die vor etwa 7.000 Jahren in den Anden- und Subtropenzonen weit verbreitet angebaut wurde und seit Jahrhunderten als wichtige Nahrungspflanze bei den Andenv\u00f6lkern und seit kurzem auch bei anderen V\u00f6lkern in Europa und Nordamerika anerkannt ist. Seine Geschichte und seine ern\u00e4hrungsphysiologischen Eigenschaften veranlassten die FAO, 2013 zum internationalen Jahr der Quinoa zu erkl\u00e4ren. Was dieses Getreide so besonders macht, was einigen bisher unbekannt war, ist die betr\u00e4chtliche Menge an Proteinen und bioaktiven Verbindungen, die herk\u00f6mmliches Getreide an biologischer Wertigkeit \u00fcbertreffen.Es ist ein Lebensmittel, das f\u00fcr Z\u00f6liakie geeignet ist, da es einen hohen Ballaststoffgehalt hat und kein Gluten enth\u00e4lt. Aber auch aufgrund seiner Eigenschaften ist es ein ideales Lebensmittel f\u00fcr Vegetarier, Veganer, Sportler und Diabetiker.<\/p>\n<\/div>\n<\/div>\n<\/div>\n<\/div>\n<div class=\"sheet clearfix\"><\/div>\n<div class=\"table-wp\">\n<div class=\"row-wp\">\n<div class=\"padding-4\">\n<div class=\"cell-wp cell-top \">\n<h3 class=\"\">Enth\u00e4lt alle essentiellen Aminos\u00e4uren:<\/h3>\n<\/div>\n<div class=\"cell-wp cell-top \">\n<ul>\n<li><strong>Lysin:<\/strong> F\u00f6rdert Knochenwachstum und -entwicklung.<\/li>\n<li><strong>Arginin:<\/strong> Reduziert K\u00f6rperfett, bessere Erholung und Wundheilung und eine st\u00e4rkere Zunahme der Muskelmasse.<\/li>\n<li><strong>Phenylalanin:<\/strong> Es ist wichtig f\u00fcr Lernprozesse, Ged\u00e4chtnis, Appetitkontrolle, Erholung und Entwicklung von Geweben, Immunsystem und Schmerzkontrolle.<\/li>\n<li><strong>Methionin:<\/strong> Ein Teil seiner Funktionen besteht darin, Abf\u00e4lle aus Stoffwechselprozessen aus der Leber zu entfernen, den Fettabbau zu unterst\u00fctzen und Fettablagerungen in Arterien und in der Leber zu verhindern.<\/li>\n<li><strong>Histidin:<\/strong> Wichtig f\u00fcr das Wachstum und die Reparatur von Geweben, f\u00fcr die Bildung von wei\u00dfen und roten Blutk\u00f6rperchen. Es hat auch entz\u00fcndungshemmende Eigenschaften. F\u00fcr Sportler ist Histidin eine essentielle Aminos\u00e4ure, da sie ein hohes Ma\u00df an Gewebewachstum und -zerst\u00f6rung erfahren.<\/li>\n<li><strong>Tryptophan:<\/strong> Hilft bei der Kontrolle des normalen Schlafzyklus und hat antidepressive Eigenschaften. Sportler verwenden es, weil es den Somatotropinspiegel erh\u00f6ht, was es ihnen erm\u00f6glicht, schlanke Muskelmasse aufzubauen. Es wurde auch \u00fcber eine Zunahme der Resistenzen berichtet.<\/li>\n<li><strong>Leucin:<\/strong> Studien an Sportlern haben \u00fcber ein Wachstum der Muskelgr\u00f6\u00dfe und auch \u00fcber eine gr\u00f6\u00dfere Ausdauer berichtet.<\/li>\n<li><strong>Valin:<\/strong> Holen Sie sich Energie durch die Muskeln beim Training. Es erm\u00f6glicht eine positive Stickstoffbilanz und ist am Muskelstoffwechsel und der Gewebereparatur beteiligt.<\/li>\n<li><strong>Isoleucin:<\/strong> Kann verwendet werden, um Energie f\u00fcr das Muskeltraining zu gewinnen. Reguliert den Blutzucker und wird im Muskelgewebe zur Energiegewinnung verstoffwechselt.<\/li>\n<li><strong>Threonin:<\/strong> Ein wichtiger Bestandteil von Kollagen, Zahnschmelz und Gewebe. Sie haben auch antidepressive Eigenschaften gefunden.<\/li>\n<\/ul>\n<\/div>\n<\/div>\n<\/div>\n<\/div>\n<div class=\"table-wp\">\n<div class=\"row-wp\">\n<div class=\"cell-wp cell-top \">\n<div class=\"padding-5\">\n<div class=\"borde-verde\">\n<h3>Ern\u00e4hrungszusammensetzung<\/h3>\n<div class=\"margen-2\"><\/div>\n<p class=\"texto interlineado-textos\">St\u00e4rke- und Ballaststoffgehalt ca. 60 % bzw. 13 %, \u00d6lgehalt zwischen 4,5-8,7 %, deren Anteil: 24 % \u00d6ls\u00e4ure, 54 % Linols\u00e4ure und 4 % Alpha-Linols\u00e4ure. Ebenso gilt Quinoa als gute Quelle f\u00fcr Riboflavin, Thiamin, Fols\u00e4ure, Alpha- und Y-Tocopherol und weist im Vergleich zu anderen Getreidearten einen h\u00f6heren Gehalt an Kalzium, Phosphor, Magnesium, Eisen, Zink, Kalium und Kupfer auf.<\/p>\n<\/div>\n<div class=\"margen-2\"><\/div>\n<div class=\"borde-verde\">\n<h3>Glutenfrei<\/h3>\n<div class=\"margen-2\"><\/div>\n<p class=\"texto interlineado-textos\">Es hat auch einen h\u00f6heren Lipidgehalt als Getreide und einen hohen Anteil an unges\u00e4ttigten Fetts\u00e4uren. Hoher Gehalt an Ballaststoffen und Vitaminen (A, B2, E). Wichtige Mineralstoffquelle (Kalzium, Magnesium, Eisen, Phosphor).<\/p>\n<\/div>\n<div class=\"margen-2\"><\/div>\n<table class=\"tabla-algosur\" style=\"width: 100%;\">\n<tbody>\n<tr>\n<th>Komponenten (%)<\/th>\n<th>Quinoa<\/th>\n<th>Fleisch<\/th>\n<th>Ei<\/th>\n<th>K\u00e4se<\/th>\n<th>Impfmilch<\/th>\n<th>Menschliche Milch<\/th>\n<\/tr>\n<tr>\n<td>Proteine<\/td>\n<td>13<\/td>\n<td>30<\/td>\n<td>14<\/td>\n<td>18<\/td>\n<td>3.5<\/td>\n<td>1,8<\/td>\n<\/tr>\n<tr class=\"shaded\">\n<td>Fette<\/td>\n<td>6.1<\/td>\n<td>50<\/td>\n<td>3,2<\/td>\n<td><\/td>\n<td>3.5<\/td>\n<td>3.5<\/td>\n<\/tr>\n<tr>\n<td>Kohlenhydrate<\/td>\n<td>71<\/td>\n<td><\/td>\n<td><\/td>\n<td><\/td>\n<td><\/td>\n<td><\/td>\n<\/tr>\n<tr class=\"shaded\">\n<td>Zucker<\/td>\n<td><\/td>\n<td><\/td>\n<td><\/td>\n<td><\/td>\n<td>4,7<\/td>\n<td>7.5<\/td>\n<\/tr>\n<tr>\n<td>Eisen<\/td>\n<td>5.2<\/td>\n<td>2,2<\/td>\n<td>3,2<\/td>\n<td><\/td>\n<td>2.5<\/td>\n<td><\/td>\n<\/tr>\n<tr class=\"shaded\">\n<td>Kalorien<\/td>\n<td>350<\/td>\n<td>431<\/td>\n<td>200<\/td>\n<td>24<\/td>\n<td>60<\/td>\n<td>80<\/td>\n<\/tr>\n<\/tbody>\n<\/table>\n<\/div>\n<\/div>\n<div class=\"cell-wp cell-top \">\n<div class=\"padding-5\">\n<table class=\"tabla-algosur\" style=\"width: 100%;\">\n<tbody>\n<tr>\n<th>N\u00e4hrstoff<\/th>\n<th>Einheit<\/th>\n<th>Wert pro 100 gr.<\/th>\n<\/tr>\n<tr>\n<td>Wasser<\/td>\n<td>g<\/td>\n<td>13,28<\/td>\n<\/tr>\n<tr class=\"shaded\">\n<td>Energie<\/td>\n<td>kcal<\/td>\n<td>368<\/td>\n<\/tr>\n<tr>\n<td>Energie<\/td>\n<td>kJ<\/td>\n<td>1539<\/td>\n<\/tr>\n<tr class=\"shaded\">\n<td>Eiwei\u00df<\/td>\n<td>g<\/td>\n<td>14,12<\/td>\n<\/tr>\n<tr>\n<td>Gesamtlipide<\/td>\n<td>g<\/td>\n<td>6.07<\/td>\n<\/tr>\n<tr class=\"shaded\">\n<td>Asche<\/td>\n<td>g<\/td>\n<td>2.38<\/td>\n<\/tr>\n<tr>\n<td>Kohlenhydrate nach Unterschied<\/td>\n<td>g<\/td>\n<td>64,16<\/td>\n<\/tr>\n<tr class=\"shaded\">\n<td>Faser, total doiertaria<\/td>\n<td>g<\/td>\n<td>7<\/td>\n<\/tr>\n<tr>\n<td>St\u00e4rke<\/td>\n<td>g<\/td>\n<td>52,22<\/td>\n<\/tr>\n<tr class=\"shaded\">\n<td>Kalzium<\/td>\n<td>mg<\/td>\n<td>47<\/td>\n<\/tr>\n<tr>\n<td>Eisen<\/td>\n<td>mg<\/td>\n<td>4,57<\/td>\n<\/tr>\n<tr class=\"shaded\">\n<td>Magnesium<\/td>\n<td>mg<\/td>\n<td>197<\/td>\n<\/tr>\n<tr>\n<td>Phosphor<\/td>\n<td>mg<\/td>\n<td>457<\/td>\n<\/tr>\n<tr class=\"shaded\">\n<td>Kalium<\/td>\n<td>mg<\/td>\n<td>563<\/td>\n<\/tr>\n<tr>\n<td>Natrium<\/td>\n<td>mg<\/td>\n<td>5<\/td>\n<\/tr>\n<tr class=\"shaded\">\n<td>Zink<\/td>\n<td>mg<\/td>\n<td>3.1<\/td>\n<\/tr>\n<tr>\n<td>Kupfer<\/td>\n<td>mg<\/td>\n<td>0,59<\/td>\n<\/tr>\n<tr class=\"shaded\">\n<td>Mangan<\/td>\n<td>mg<\/td>\n<td>2033<\/td>\n<\/tr>\n<tr>\n<td>Selen<\/td>\n<td>Becher<\/td>\n<td>8.5<\/td>\n<\/tr>\n<tr class=\"shaded\">\n<td>Thiamin<\/td>\n<td>mg<\/td>\n<td>0,36<\/td>\n<\/tr>\n<tr>\n<td>Riboflavin<\/td>\n<td>mg<\/td>\n<td>0,318<\/td>\n<\/tr>\n<tr class=\"shaded\">\n<td>Niacin<\/td>\n<td>mg<\/td>\n<td>1520<\/td>\n<\/tr>\n<tr>\n<td>Pantothens\u00e4ure<\/td>\n<td>mg<\/td>\n<td>0,772<\/td>\n<\/tr>\n<tr class=\"shaded\">\n<td>Vitamin B-6<\/td>\n<td>mg<\/td>\n<td>0,487<\/td>\n<\/tr>\n<tr>\n<td>Vitamin C<\/td>\n<td>mg<\/td>\n<td>22,39<\/td>\n<\/tr>\n<tr class=\"shaded\">\n<td>Folat<\/td>\n<td>Becher<\/td>\n<td>184<\/td>\n<\/tr>\n<tr>\n<td>Betain<\/td>\n<td>mg<\/td>\n<td>630.4<\/td>\n<\/tr>\n<tr class=\"shaded\">\n<td>Lutein + Zeaxanthin<\/td>\n<td>Becher<\/td>\n<td>163<\/td>\n<\/tr>\n<tr>\n<td>Vitamin E<\/td>\n<td>mg<\/td>\n<td>2.44<\/td>\n<\/tr>\n<tr class=\"shaded\">\n<td>Tocopherol, beta<\/td>\n<td>mg<\/td>\n<td>0,08<\/td>\n<\/tr>\n<tr>\n<td>Tocopherol, Gamma<\/td>\n<td>mg<\/td>\n<td>4,55<\/td>\n<\/tr>\n<tr class=\"shaded\">\n<td>Tocopherol, Delta<\/td>\n<td>mg<\/td>\n<td>0,35<\/td>\n<\/tr>\n<tr>\n<td>Fetts\u00e4uren, insgesamt ges\u00e4ttigt<\/td>\n<td>g<\/td>\n<td>0,706<\/td>\n<\/tr>\n<tr class=\"shaded\">\n<td>Fetts\u00e4uren, insgesamt einfach unges\u00e4ttigt<\/td>\n<td>g<\/td>\n<td>1613<\/td>\n<\/tr>\n<tr>\n<td>Fetts\u00e4uren, insgesamt mehrfach unges\u00e4ttigt<\/td>\n<td>g<\/td>\n<td>3292<\/td>\n<\/tr>\n<\/tbody>\n<\/table>\n<\/div>\n<\/div>\n<\/div>\n<\/div>\n","protected":false},"excerpt":{"rendered":"<p>Hersteller und Vertreiber von Quinoa in Spanien Algosur entschied sich vor mehr als einem Jahrzehnt f\u00fcr eine unabh\u00e4ngige Forschungslinie, um die Umsetzung der Kultur im Gebiet des Guadalquivir-Tals zu entwickeln und zu unterst\u00fctzen. Nach dem beharrlichen Engagement f\u00fcr eine solche Umsetzung ist es das einzige Unternehmen in Spanien, das es geschafft hat, Quinoa an die [&hellip;]<\/p>\n","protected":false},"author":2,"featured_media":0,"parent":4624,"menu_order":0,"comment_status":"closed","ping_status":"closed","template":"diseno-full.php","meta":{"_seopress_robots_primary_cat":"0","_seopress_titles_title":"","_seopress_titles_desc":"","_seopress_robots_index":"","inline_featured_image":false,"footnotes":""},"class_list":["post-5160","page","type-page","status-publish","hentry"],"_links":{"self":[{"href":"https:\/\/algosur.es\/de\/wp-json\/wp\/v2\/pages\/5160","targetHints":{"allow":["GET"]}}],"collection":[{"href":"https:\/\/algosur.es\/de\/wp-json\/wp\/v2\/pages"}],"about":[{"href":"https:\/\/algosur.es\/de\/wp-json\/wp\/v2\/types\/page"}],"author":[{"embeddable":true,"href":"https:\/\/algosur.es\/de\/wp-json\/wp\/v2\/users\/2"}],"replies":[{"embeddable":true,"href":"https:\/\/algosur.es\/de\/wp-json\/wp\/v2\/comments?post=5160"}],"version-history":[{"count":2,"href":"https:\/\/algosur.es\/de\/wp-json\/wp\/v2\/pages\/5160\/revisions"}],"predecessor-version":[{"id":5162,"href":"https:\/\/algosur.es\/de\/wp-json\/wp\/v2\/pages\/5160\/revisions\/5162"}],"up":[{"embeddable":true,"href":"https:\/\/algosur.es\/de\/wp-json\/wp\/v2\/pages\/4624"}],"wp:attachment":[{"href":"https:\/\/algosur.es\/de\/wp-json\/wp\/v2\/media?parent=5160"}],"curies":[{"name":"wp","href":"https:\/\/api.w.org\/{rel}","templated":true}]}}