{"id":5157,"date":"2019-05-13T15:53:13","date_gmt":"2019-05-13T13:53:13","guid":{"rendered":"https:\/\/algosur.es\/?page_id=5157"},"modified":"2023-04-05T13:56:39","modified_gmt":"2023-04-05T11:56:39","slug":"maisproduzenten-und-haendler-in-spanien","status":"publish","type":"page","link":"https:\/\/algosur.es\/de\/produkte\/superfoods-und-snacks\/maisproduzenten-und-haendler-in-spanien\/","title":{"rendered":"Maisproduzenten und -h\u00e4ndler in Spanien"},"content":{"rendered":"<p class=\"no-margin\"><img  title=\"Maisproduzenten und -h\u00e4ndler in Spanien - Algosur\" loading=\"lazy\" decoding=\"async\" class=\"aligncenter size-full wp-image-668 img-full\" src=\"http:\/\/algosur.es\/wp-content\/uploads\/2019\/05\/cabecera-maiz02.jpg\"  alt=\"Maisproduzenten und -h\u00e4ndler in Spanien - Algosur\"  width=\"1600\" height=\"550\" srcset=\"https:\/\/algosur.es\/wp-content\/uploads\/2019\/05\/cabecera-maiz02.jpg 1600w, https:\/\/algosur.es\/wp-content\/uploads\/2019\/05\/cabecera-maiz02-300x103.jpg 300w, https:\/\/algosur.es\/wp-content\/uploads\/2019\/05\/cabecera-maiz02-768x264.jpg 768w, https:\/\/algosur.es\/wp-content\/uploads\/2019\/05\/cabecera-maiz02-1024x352.jpg 1024w\" sizes=\"auto, (max-width: 1600px) 100vw, 1600px\" \/><\/p>\n<div class=\"sheet clearfix\">\n<h1 class=\"titulo-pagina\">Maisproduzenten und -h\u00e4ndler in Spanien<\/h1>\n<\/div>\n<div class=\"sheet clearfix dos-columnas\">\n<p class=\"texto\">Von ALGOSUR haben wir im Rahmen des \u201eNew Snacks Crops\u201c-Programms mit der Entwicklung des Mais-Programms nach der Verwendung als Popcorn (Popcorn) oder frittiert (Waxy) begonnen. Unsere Versuche umfassen mehr als 20 Sorten unterschiedlicher Herkunft, die es uns erm\u00f6glichen, zu bewerten, welche Keimplasmen sich am besten agronomisch anpassen und welche aufgrund ihrer physikalischen und organoleptischen Eigenschaften f\u00fcr Verpacker am interessantesten sind.<\/p>\n<\/div>\n<div class=\"margen-2\"><\/div>\n<div class=\"table-wp\">\n<div class=\"row-wp\">\n<div class=\"cell-wp fondo-verde\"><img  title=\"Maisproduzenten und -h\u00e4ndler in Spanien - Algosur\" loading=\"lazy\" decoding=\"async\" class=\"aligncenter size-full wp-image-519 img-full imagen-100\" src=\"http:\/\/algosur.es\/wp-content\/uploads\/2017\/11\/maiz-palomita.jpg\"  alt=\"Maisproduzenten und -h\u00e4ndler in Spanien - Algosur\"  width=\"1140\" height=\"392\" srcset=\"https:\/\/algosur.es\/wp-content\/uploads\/2017\/11\/maiz-palomita.jpg 1140w, https:\/\/algosur.es\/wp-content\/uploads\/2017\/11\/maiz-palomita-300x103.jpg 300w, https:\/\/algosur.es\/wp-content\/uploads\/2017\/11\/maiz-palomita-768x264.jpg 768w, https:\/\/algosur.es\/wp-content\/uploads\/2017\/11\/maiz-palomita-1024x352.jpg 1024w\" sizes=\"auto, (max-width: 1140px) 100vw, 1140px\" \/><\/div>\n<div class=\"cell-wp fondo-gris\">\n<div class=\"padding-5\">\n<h3>Mais vom Typ Popcorn<\/h3>\n<p class=\"texto\">Popcorn wird das einmal ausgebeutete Maiskorn genannt.<\/p>\n<p class=\"texto\">Grunds\u00e4tzlich gibt es zwei Arten:<\/p>\n<p><strong>1.- Schmetterling:<\/strong> Dieser Typ bildet eine flauschige Rosette mit zarten Fl\u00fcgeln, die aus dem Korn herausragen. Je nach Maissorte erzeugt der Popcorn-Schmetterling unterschiedliche Arten von Expansion, die mit dem Akronym MWVT (Metric Weight Volumetric Tester) gemessen wird und die Anzahl der Kubikzentimeter abgebauten Mais f\u00fcr jedes Gramm nicht explodierter Mais darstellt. Je h\u00f6her das MWVT-Niveau ist, desto gr\u00f6\u00dfer wird die Menge des abgebauten Mais sein.<\/p>\n<p><strong>2.- Pilz:<\/strong> Diese Art von Popcorn ist dichter und kompakter als der Schmetterling. Es hat eine abgerundete Form und keine hervorstehenden Fl\u00fcgel. Sie werden auch gef\u00e4rbt und mit unterschiedlichen Geschmacksrichtungen verzehrt.<\/p>\n<\/div>\n<\/div>\n<\/div>\n<\/div>\n<div class=\"table-wp\">\n<div class=\"row-wp\">\n<div class=\"cell-wp fondo-verde\">\n<div class=\"padding-5\">\n<h3>WACHSIGER Mais<\/h3>\n<p>Wachsmais, auch Wachsmais genannt, ist ein Mais, dessen St\u00e4rke praktisch zu 100 % aus Amylopektin besteht, w\u00e4hrend herk\u00f6mmlicher Mais zu etwa 75 % aus Amylopektin besteht. Wachsmaisst\u00e4rke wird haupts\u00e4chlich f\u00fcr Fertigprodukte (Saucen, Suppen, Milchdesserts, Fertiggerichte, Vorspeisen, Babygerichte usw.) verwendet. Wachsmais hat gegen\u00fcber klassischem Mais den Vorteil, dass seine St\u00e4rke nach dem Einfrieren und Auftauen ihre Eigenschaften nicht verliert.<\/p>\n<p>In unserem Land wachsen beide Segmente von Mais, Waxy und Popcorn, auf dem Markt f\u00fcr N\u00fcsse und Snacks.<\/p>\n<\/div>\n<\/div>\n<div class=\"cell-wp fondo-gris\"><img  title=\"Maisproduzenten und -h\u00e4ndler in Spanien - Algosur\" loading=\"lazy\" decoding=\"async\" class=\"aligncenter size-full wp-image-498 img-full imagen-100\" src=\"http:\/\/algosur.es\/wp-content\/uploads\/2017\/11\/maiz.jpg\"  alt=\"Maisproduzenten und -h\u00e4ndler in Spanien - Algosur\"  width=\"1140\" height=\"392\" srcset=\"https:\/\/algosur.es\/wp-content\/uploads\/2017\/11\/maiz.jpg 1140w, https:\/\/algosur.es\/wp-content\/uploads\/2017\/11\/maiz-300x103.jpg 300w, https:\/\/algosur.es\/wp-content\/uploads\/2017\/11\/maiz-768x264.jpg 768w, https:\/\/algosur.es\/wp-content\/uploads\/2017\/11\/maiz-1024x352.jpg 1024w\" sizes=\"auto, (max-width: 1140px) 100vw, 1140px\" \/><\/div>\n<\/div>\n<\/div>\n","protected":false},"excerpt":{"rendered":"<p>Maisproduzenten und -h\u00e4ndler in Spanien Von ALGOSUR haben wir im Rahmen des \u201eNew Snacks Crops\u201c-Programms mit der Entwicklung des Mais-Programms nach der Verwendung als Popcorn (Popcorn) oder frittiert (Waxy) begonnen. Unsere Versuche umfassen mehr als 20 Sorten unterschiedlicher Herkunft, die es uns erm\u00f6glichen, zu bewerten, welche Keimplasmen sich am besten agronomisch anpassen und welche aufgrund [&hellip;]<\/p>\n","protected":false},"author":2,"featured_media":0,"parent":4624,"menu_order":0,"comment_status":"closed","ping_status":"closed","template":"diseno-full.php","meta":{"_seopress_robots_primary_cat":"0","_seopress_titles_title":"","_seopress_titles_desc":"","_seopress_robots_index":"","inline_featured_image":false,"footnotes":""},"class_list":["post-5157","page","type-page","status-publish","hentry"],"_links":{"self":[{"href":"https:\/\/algosur.es\/de\/wp-json\/wp\/v2\/pages\/5157","targetHints":{"allow":["GET"]}}],"collection":[{"href":"https:\/\/algosur.es\/de\/wp-json\/wp\/v2\/pages"}],"about":[{"href":"https:\/\/algosur.es\/de\/wp-json\/wp\/v2\/types\/page"}],"author":[{"embeddable":true,"href":"https:\/\/algosur.es\/de\/wp-json\/wp\/v2\/users\/2"}],"replies":[{"embeddable":true,"href":"https:\/\/algosur.es\/de\/wp-json\/wp\/v2\/comments?post=5157"}],"version-history":[{"count":2,"href":"https:\/\/algosur.es\/de\/wp-json\/wp\/v2\/pages\/5157\/revisions"}],"predecessor-version":[{"id":5159,"href":"https:\/\/algosur.es\/de\/wp-json\/wp\/v2\/pages\/5157\/revisions\/5159"}],"up":[{"embeddable":true,"href":"https:\/\/algosur.es\/de\/wp-json\/wp\/v2\/pages\/4624"}],"wp:attachment":[{"href":"https:\/\/algosur.es\/de\/wp-json\/wp\/v2\/media?parent=5157"}],"curies":[{"name":"wp","href":"https:\/\/api.w.org\/{rel}","templated":true}]}}