{"id":5154,"date":"2019-05-13T11:44:09","date_gmt":"2019-05-13T09:44:09","guid":{"rendered":"https:\/\/algosur.es\/?page_id=5154"},"modified":"2023-04-05T13:53:59","modified_gmt":"2023-04-05T11:53:59","slug":"hersteller-von-weissen-sonnenblumenkernen","status":"publish","type":"page","link":"https:\/\/algosur.es\/de\/produkte\/superfoods-und-snacks\/hersteller-von-weissen-sonnenblumenkernen\/","title":{"rendered":"Hersteller von wei\u00dfen Sonnenblumenkernen"},"content":{"rendered":"<p class=\"no-margin\"><img  title=\"Hersteller von wei\u00dfen Sonnenblumenkernen - Algosur\" loading=\"lazy\" decoding=\"async\" class=\"aligncenter size-full wp-image-666 img-full\" src=\"http:\/\/algosur.es\/wp-content\/uploads\/2019\/05\/cabecera-pipas03.jpg\"  alt=\"Hersteller von wei\u00dfen Sonnenblumenkernen - Algosur\"  width=\"1600\" height=\"550\" srcset=\"https:\/\/algosur.es\/wp-content\/uploads\/2019\/05\/cabecera-pipas03.jpg 1600w, https:\/\/algosur.es\/wp-content\/uploads\/2019\/05\/cabecera-pipas03-300x103.jpg 300w, https:\/\/algosur.es\/wp-content\/uploads\/2019\/05\/cabecera-pipas03-768x264.jpg 768w, https:\/\/algosur.es\/wp-content\/uploads\/2019\/05\/cabecera-pipas03-1024x352.jpg 1024w\" sizes=\"auto, (max-width: 1600px) 100vw, 1600px\" \/><\/p>\n<div class=\"sheet clearfix\">\n<h1 class=\"titulo-pagina\">wei\u00dfe Pfeifensonnenblume<\/h1>\n<\/div>\n<div class=\"sheet clearfix dos-columnas\">\n<p>Algosur vermarktet Wei\u00dfpfeifen- oder verpackte Sonnenblumen als letzten Prozess in einer Kette von Pflanzung und Untersuchung der Ernte, bei der die Sorten ausgew\u00e4hlt wurden, die sich am besten an die Bedingungen des Gebiets anpassen und diejenigen, die sowohl Verarbeitern als auch Verbrauchern eine gr\u00f6\u00dfere Resonanz bieten . , unter Ber\u00fccksichtigung von Produktion, Gr\u00f6\u00dfen, R\u00fcckverfolgbarkeit, Zertifizierungen usw.<\/p>\n<p>Die internationalen Lebensmittelqualit\u00e4tssysteme BRC (British Retail Consortium) und IFS (International Food Standard) zertifizieren die notwendige R\u00fcckverfolgbarkeit, um die Lebensmittelsicherheit dieser Produkte zu gew\u00e4hrleisten.<\/p>\n<p>Wei\u00dfe Pfeifensonnenblume ist eine gro\u00dfartige Quelle f\u00fcr Antioxidantien, insbesondere Vitamin E, das vor Herzkrankheiten sch\u00fctzt. Au\u00dferdem enth\u00e4lt es Selen und Kupfer (f\u00f6rderlich f\u00fcr den Transport der roten Blutk\u00f6rperchen).<\/p>\n<p>Die verf\u00fcgbaren Formate reichen vom 700-kg-Big-Bag bis zum Lebensmittelsack (20-25 kg).<\/p>\n<\/div>\n<div class=\"margen-2\"><\/div>\n<div class=\"table-wp\">\n<div class=\"row-wp\">\n<div class=\"cell-wp fondo-verde\"><img  title=\"Hersteller von wei\u00dfen Sonnenblumenkernen - Algosur\" loading=\"lazy\" decoding=\"async\" class=\"aligncenter size-full wp-image-588 img-full imagen-100\" src=\"http:\/\/algosur.es\/wp-content\/uploads\/2019\/05\/girasol02.jpg\"  alt=\"Hersteller von wei\u00dfen Sonnenblumenkernen - Algosur\"  width=\"929\" height=\"663\" srcset=\"https:\/\/algosur.es\/wp-content\/uploads\/2019\/05\/girasol02.jpg 929w, https:\/\/algosur.es\/wp-content\/uploads\/2019\/05\/girasol02-300x214.jpg 300w, https:\/\/algosur.es\/wp-content\/uploads\/2019\/05\/girasol02-768x548.jpg 768w\" sizes=\"auto, (max-width: 929px) 100vw, 929px\" \/><\/div>\n<div class=\"cell-wp fondo-gris\">\n<div class=\"padding-5\">\n<p>Algosur konzentriert seine Bem\u00fchungen auf die Konsolidierung der Produktion von Wei\u00dfpfeifen-Sonnenblumen auf dem Staatsgebiet sowie auf die Umsetzung einer strengen Qualit\u00e4tsphilosophie, um dem Markt nicht nur das zu bieten, was er verlangt, sondern auch mit der notwendigen R\u00fcckverfolgbarkeit, um die Lebensmittelsicherheit aller zu gew\u00e4hrleisten Qualit\u00e4tssysteme BRC und IFS Das Projekt, das nicht nur die Implantation, sondern auch die Forschung umfasst, zeichnet sich durch die Suche nach Sorten von Wei\u00dfpfeifen-Sonnenblumen aus, die sich am besten an die Bedingungen unserer Region anpassen, eine essbare Sonnenblume, die den h\u00f6chsten Anforderungen der Verarbeiter gerecht wird Verbraucher: Produktion, Gr\u00f6\u00dfen, R\u00fcckverfolgbarkeit, Zertifizierungen&#8230;<\/p>\n<p>Helianthus annuus, wie es wissenschaftlich bekannt ist, bedeutet auf Griechisch &#8222;Blume, die sich mit der Sonne dreht&#8220;. Es ist eine Pflanze nordamerikanischen Ursprungs und ihr Anbau geht auf die pr\u00e4kolumbianische Zeit zur\u00fcck, nachdem arch\u00e4ologische Beweise gefunden wurden, die zeigen, dass ihr Anbau vor mehr als 5.000 Jahren in Arizona und New Mexico begann.<\/p>\n<p>Die amerikanischen Ureinwohner nutzten die Sonnenblume f\u00fcr verschiedene Zwecke. Sie a\u00dfen die ganzen Samen, bereiteten Mehl zu, mit dem sie sp\u00e4ter einige Kuchen kochten, und verwendeten sogar die nat\u00fcrlichen Pigmente dieser Pflanze, um Farbstoffe f\u00fcr Kleidung oder den K\u00f6rper herzustellen.<\/p>\n<p>Die Einschleppung nach Europa erfolgte vermutlich von Mexiko aus durch die ersten spanischen Kolonisten (kurz nach der Entdeckung Amerikas). Von Spanien aus verbreitete sie sich in ganz Europa und wurde damals als Zierpflanze in k\u00f6niglichen G\u00e4rten verwendet.<\/p>\n<p>Die Sonnenblumen\u00f6lproduktion begann 1830 in Russland, und in diesem Land wurden in den 1940er und 1950er Jahren die schwarzschaligen, fettreichen Sorten entwickelt.<\/p>\n<p>In den 1960er Jahren kam die schwarzh\u00e4utige Sonnenblume aus Russland nach Westeuropa und in die Vereinigten Staaten und begann die rasante Entwicklung der industriellen Sonnenblume in der westlichen Welt.<\/p>\n<\/div>\n<\/div>\n<\/div>\n<\/div>\n<div class=\"table-wp\">\n<div class=\"row-wp\">\n<div class=\"cell-wp cell-top \">\n<div class=\"padding-5 dos-columnas\">\n<p>Heute ist die Beliebtheit von Sonnenblumenkernen als Snack neben der \u00d6lgewinnung aus Sonnenblumenkernen nicht nur ein kultureller, sondern auch ein ern\u00e4hrungsphysiologischer Faktor, der in der Gastronomie immer mehr an Popularit\u00e4t gewinnt. Dies liegt vor allem an seinen ern\u00e4hrungsphysiologischen Eigenschaften, da es eine der besten Quellen f\u00fcr Antioxidantien ist, insbesondere Vitamin E, das durch die Beseitigung freier Radikale vor Herzkrankheiten sch\u00fctzt. Das meiste Vitamin E in Sonnenblumenkernen liegt in der Alpha-Tocopherol-Form vor, die die vorteilhafteste biologisch aktive Form ist.<\/p>\n<p>Eine 25-Gramm-Portion Sonnenblumenkerne liefert erhebliche Mengen des t\u00e4glichen Bedarfs an Selen, einem weiteren Antioxidans, das zusammen mit Vitamin E die Zellen vor Herzkrankheiten und Krebsprozessen sch\u00fctzt.<\/p>\n<p>Dar\u00fcber hinaus enthalten Sonnenblumenkerne ein wichtiges Mineral, Kupfer, das am Transport der roten Blutk\u00f6rperchen beteiligt ist und auch ein grundlegender Bestandteil von antioxidativen Enzymen ist, die oxidativen Stress in unserem K\u00f6rper verhindern.<\/p>\n<p>Es ist wichtig, die Art des Fettes in den Sonnenblumenkernen zu ber\u00fccksichtigen. Es enth\u00e4lt erhebliche Mengen an einfach und mehrfach unges\u00e4ttigten Fetts\u00e4uren, die beide gesundheitsf\u00f6rdernd sind, da sie helfen, den Cholesterin- und Triglyceridspiegel im Blut zu senken und so das Risiko von Krankheiten im Zusammenhang mit Herz-Kreislauf-Risiko zu verringern.<\/p>\n<p>Es ist eine wichtige Quelle f\u00fcr Eiwei\u00df, Kohlenhydrate und Ballaststoffe.<\/p>\n<p>Was andere N\u00e4hrstoffe betrifft, sticht der Beitrag von Mineralien wie Magnesium, Eisen und Phosphor, Thiamin oder B1 und Niacin hervor.<\/p>\n<\/div>\n<\/div>\n<div class=\"cell-wp cell-top padding-3\">\n<table class=\"tabla-algosur\" style=\"width: 100%;\">\n<tbody>\n<tr>\n<th>N\u00e4hrstoff<\/th>\n<th>Einheit<\/th>\n<th>Wert pro 100 gr.<\/th>\n<\/tr>\n<tr>\n<td>Energie<\/td>\n<td>Kcal<\/td>\n<td>564,37<\/td>\n<\/tr>\n<tr class=\"shaded\">\n<td>Proteine<\/td>\n<td>g<\/td>\n<td>21,16<\/td>\n<\/tr>\n<tr>\n<td>Gesamtlipide<\/td>\n<td>g<\/td>\n<td>49.38<\/td>\n<\/tr>\n<tr class=\"shaded\">\n<td>FA ges\u00e4ttigt (g)<\/td>\n<td>g<\/td>\n<td>7.05<\/td>\n<\/tr>\n<tr>\n<td>FA einfach unges\u00e4ttigt (g)<\/td>\n<td>g<\/td>\n<td>10.58<\/td>\n<\/tr>\n<tr class=\"shaded\">\n<td>FA mehrfach unges\u00e4ttigt (g)<\/td>\n<td>g<\/td>\n<td>31.74<\/td>\n<\/tr>\n<tr>\n<td>Cholesterin<\/td>\n<td>mg\/1000kcal<\/td>\n<td>0<\/td>\n<\/tr>\n<tr class=\"shaded\">\n<td>Kohlenhydrate<\/td>\n<td>g<\/td>\n<td>17,6<\/td>\n<\/tr>\n<tr>\n<td>Glasfaser<\/td>\n<td>g<\/td>\n<td>14.10<\/td>\n<\/tr>\n<tr class=\"shaded\">\n<td>Kalzium<\/td>\n<td>mg<\/td>\n<td>116,40<\/td>\n<\/tr>\n<tr>\n<td>Eisen<\/td>\n<td>mg<\/td>\n<td>6,7<\/td>\n<\/tr>\n<tr class=\"shaded\">\n<td>Magnesium<\/td>\n<td>mg<\/td>\n<td>366.8<\/td>\n<\/tr>\n<tr>\n<td>Zink<\/td>\n<td>mg<\/td>\n<td>4,93<\/td>\n<\/tr>\n<tr class=\"shaded\">\n<td>Natrium<\/td>\n<td>mg<\/td>\n<td>7.05<\/td>\n<\/tr>\n<tr>\n<td>Selen<\/td>\n<td>\u00b5g<\/td>\n<td>49<\/td>\n<\/tr>\n<tr class=\"shaded\">\n<td>Thiamin<\/td>\n<td>mg<\/td>\n<td>2.29<\/td>\n<\/tr>\n<tr>\n<td>Riboflavin<\/td>\n<td>mg<\/td>\n<td>0,24<\/td>\n<\/tr>\n<tr class=\"shaded\">\n<td>Niacin<\/td>\n<td>mg<\/td>\n<td>4,58<\/td>\n<\/tr>\n<tr>\n<td>Folate<\/td>\n<td>\u00b5g<\/td>\n<td>227,5<\/td>\n<\/tr>\n<tr class=\"shaded\">\n<td>Vitamin E (mg)<\/td>\n<td>mg<\/td>\n<td>40<\/td>\n<\/tr>\n<\/tbody>\n<\/table>\n<p>Quelle: USDA Nutrient Database for Standard Reference, Ausgabe 17 (2004). Homepage des N\u00e4hrstoffdatenlabors.<\/p>\n<\/div>\n<\/div>\n<\/div>\n<div class=\"margen-3\"><\/div>\n","protected":false},"excerpt":{"rendered":"<p>wei\u00dfe Pfeifensonnenblume Algosur vermarktet Wei\u00dfpfeifen- oder verpackte Sonnenblumen als letzten Prozess in einer Kette von Pflanzung und Untersuchung der Ernte, bei der die Sorten ausgew\u00e4hlt wurden, die sich am besten an die Bedingungen des Gebiets anpassen und diejenigen, die sowohl Verarbeitern als auch Verbrauchern eine gr\u00f6\u00dfere Resonanz bieten . , unter Ber\u00fccksichtigung von Produktion, Gr\u00f6\u00dfen, [&hellip;]<\/p>\n","protected":false},"author":2,"featured_media":0,"parent":4624,"menu_order":0,"comment_status":"closed","ping_status":"closed","template":"diseno-full.php","meta":{"_seopress_robots_primary_cat":"0","_seopress_titles_title":"","_seopress_titles_desc":"","_seopress_robots_index":"","inline_featured_image":false,"footnotes":""},"class_list":["post-5154","page","type-page","status-publish","hentry"],"_links":{"self":[{"href":"https:\/\/algosur.es\/de\/wp-json\/wp\/v2\/pages\/5154","targetHints":{"allow":["GET"]}}],"collection":[{"href":"https:\/\/algosur.es\/de\/wp-json\/wp\/v2\/pages"}],"about":[{"href":"https:\/\/algosur.es\/de\/wp-json\/wp\/v2\/types\/page"}],"author":[{"embeddable":true,"href":"https:\/\/algosur.es\/de\/wp-json\/wp\/v2\/users\/2"}],"replies":[{"embeddable":true,"href":"https:\/\/algosur.es\/de\/wp-json\/wp\/v2\/comments?post=5154"}],"version-history":[{"count":2,"href":"https:\/\/algosur.es\/de\/wp-json\/wp\/v2\/pages\/5154\/revisions"}],"predecessor-version":[{"id":5156,"href":"https:\/\/algosur.es\/de\/wp-json\/wp\/v2\/pages\/5154\/revisions\/5156"}],"up":[{"embeddable":true,"href":"https:\/\/algosur.es\/de\/wp-json\/wp\/v2\/pages\/4624"}],"wp:attachment":[{"href":"https:\/\/algosur.es\/de\/wp-json\/wp\/v2\/media?parent=5154"}],"curies":[{"name":"wp","href":"https:\/\/api.w.org\/{rel}","templated":true}]}}