{"id":5151,"date":"2023-04-05T11:24:46","date_gmt":"2023-04-05T09:24:46","guid":{"rendered":"https:\/\/algosur.es\/produkte\/superfoods-und-snacks\/chia-haendler\/"},"modified":"2023-04-05T11:24:46","modified_gmt":"2023-04-05T09:24:46","slug":"chia-haendler","status":"publish","type":"page","link":"https:\/\/algosur.es\/de\/produkte\/superfoods-und-snacks\/chia-haendler\/","title":{"rendered":"Chia-H\u00e4ndler"},"content":{"rendered":"<p class=\"no-margin\"><img  title=\"Chia-H\u00e4ndler - Algosur\" loading=\"lazy\" decoding=\"async\" class=\"aligncenter size-full wp-image-668 img-full\" src=\"https:\/\/algosur.es\/wp-content\/uploads\/2023\/04\/cabecera-distribuidores-chia.jpg\"  alt=\"Chia-H\u00e4ndler - Algosur\"  width=\"1600\" height=\"550\"><\/p>\n<div class=\"sheet clearfix\">\n<h1 class=\"titulo-pagina\">Chia-H\u00e4ndler in Spanien<\/h1>\n<\/div>\n<div class=\"sheet clearfix dos-columnas\">\n<p class=\"texto\">Algosur ist ein f\u00fchrendes Unternehmen in der Kommerzialisierung von umfangreichen Feldfr\u00fcchten, einschlie\u00dflich Chia. Chia ist ein Superfood, das wegen seiner vielen gesundheitlichen Vorteile hoch gesch\u00e4tzt wird, und Algosur ist stolz darauf, seinen Kunden auf der ganzen Welt hochwertiges Chia anbieten zu k\u00f6nnen.<\/p>\n<p class=\"texto\">Chia ist in Mexiko und Guatemala beheimatet, aber seine Popularit\u00e4t hat sich aufgrund seiner gesundheitlichen Vorteile auf der ganzen Welt verbreitet. Es ist eine ausgezeichnete Quelle f\u00fcr Ballaststoffe, Proteine, Omega-3-Fetts\u00e4uren und Antioxidantien. Au\u00dferdem ist es einfach in der K\u00fcche zu verwenden und kann zu einer Vielzahl von Gerichten hinzugef\u00fcgt werden, darunter Salate, Joghurts, Smoothies und Desserts.<\/p>\n<\/div>\n<div class=\"margen-2\"><\/div>\n<div class=\"table-wp\">\n<div class=\"row-wp\">\n<div class=\"cell-wp fondo-verde\"><img  title=\"Chia-H\u00e4ndler - Algosur\" loading=\"lazy\" decoding=\"async\" class=\"aligncenter size-full wp-image-519 img-full imagen-100\" src=\"https:\/\/algosur.es\/wp-content\/uploads\/2023\/04\/distribuidores-chia-algosur.jpg\"  alt=\"Chia-H\u00e4ndler - Algosur\"  width=\"1140\" height=\"392\"><\/div>\n<div class=\"cell-wp fondo-gris\">\n<div class=\"padding-5\">\n<p class=\"texto\">Bei Algosur verf\u00fcgen wir \u00fcber ein breites Netzwerk von Lieferanten auf der ganzen Welt, um sicherzustellen, dass unsere Kunden immer Zugang zum besten verf\u00fcgbaren Chia haben. Wir sind stolz darauf, sagen zu k\u00f6nnen, dass unsere Lieferanten sorgf\u00e4ltig ausgew\u00e4hlt werden, um sicherzustellen, dass sie unseren hohen Qualit\u00e4ts- und Nachhaltigkeitsstandards entsprechen.<\/p>\n<p class=\"texto\">Unsere Mission bei Algosur ist es, unseren B2B-Kunden jederzeit qualitativ hochwertige Produkte und au\u00dfergew\u00f6hnliche Dienstleistungen anzubieten.<\/p>\n<p class=\"texto\">Zusammenfassend ist Algosur ein f\u00fchrendes Unternehmen in der Vermarktung von hochwertigem Chia. Wir haben ein Netzwerk sorgf\u00e4ltig ausgew\u00e4hlter Lieferanten auf der ganzen Welt, um sicherzustellen, dass wir immer Zugang zum besten verf\u00fcgbaren Chia haben.<\/p>\n<\/div>\n<\/div>\n<\/div>\n<\/div>\n<\/div>\n<\/div>\n","protected":false},"excerpt":{"rendered":"<p>Chia-H\u00e4ndler in Spanien Algosur ist ein f\u00fchrendes Unternehmen in der Kommerzialisierung von umfangreichen Feldfr\u00fcchten, einschlie\u00dflich Chia. Chia ist ein Superfood, das wegen seiner vielen gesundheitlichen Vorteile hoch gesch\u00e4tzt wird, und Algosur ist stolz darauf, seinen Kunden auf der ganzen Welt hochwertiges Chia anbieten zu k\u00f6nnen. Chia ist in Mexiko und Guatemala beheimatet, aber seine Popularit\u00e4t [&hellip;]<\/p>\n","protected":false},"author":2,"featured_media":0,"parent":4624,"menu_order":0,"comment_status":"closed","ping_status":"closed","template":"diseno-full.php","meta":{"_seopress_robots_primary_cat":"0","_seopress_titles_title":"","_seopress_titles_desc":"","_seopress_robots_index":"","inline_featured_image":false,"footnotes":""},"class_list":["post-5151","page","type-page","status-publish","hentry"],"_links":{"self":[{"href":"https:\/\/algosur.es\/de\/wp-json\/wp\/v2\/pages\/5151","targetHints":{"allow":["GET"]}}],"collection":[{"href":"https:\/\/algosur.es\/de\/wp-json\/wp\/v2\/pages"}],"about":[{"href":"https:\/\/algosur.es\/de\/wp-json\/wp\/v2\/types\/page"}],"author":[{"embeddable":true,"href":"https:\/\/algosur.es\/de\/wp-json\/wp\/v2\/users\/2"}],"replies":[{"embeddable":true,"href":"https:\/\/algosur.es\/de\/wp-json\/wp\/v2\/comments?post=5151"}],"version-history":[{"count":0,"href":"https:\/\/algosur.es\/de\/wp-json\/wp\/v2\/pages\/5151\/revisions"}],"up":[{"embeddable":true,"href":"https:\/\/algosur.es\/de\/wp-json\/wp\/v2\/pages\/4624"}],"wp:attachment":[{"href":"https:\/\/algosur.es\/de\/wp-json\/wp\/v2\/media?parent=5151"}],"curies":[{"name":"wp","href":"https:\/\/api.w.org\/{rel}","templated":true}]}}