{"id":4629,"date":"2016-12-15T11:41:27","date_gmt":"2016-12-15T10:41:27","guid":{"rendered":"https:\/\/algosur.es\/home\/"},"modified":"2023-03-06T10:28:53","modified_gmt":"2023-03-06T09:28:53","slug":"home","status":"publish","type":"page","link":"https:\/\/algosur.es\/de\/","title":{"rendered":"Home"},"content":{"rendered":"<div class=\"sheet clearfix\">\n<div class=\"margen-3\"><\/div>\n<div class=\"one_third\">\n<div class=\"caja-sostenibilidad\">\n<h2><a href=\"https:\/\/algosur.es\/de\/produkte\/\">PRODUKTE<\/a><\/h2>\n<\/div>\n<\/div>\n<div class=\"one_third\">\n<div class=\"caja-id\">\n<h2><a href=\"https:\/\/algosur.es\/de\/nachhaltigkeit\/\">NACHHALTIGKEIT<\/a><\/h2>\n<\/div>\n<\/div>\n<div class=\"one_third last\">\n<div class=\"caja-algosurplant\">\n<h2><a href=\"http:\/\/algosur.es\/algosur-plant\/\">algosurPLANT<br \/>\n<span class=\"titulo-caja-algosurplant\">Plantagen &amp; Beratung<\/span><\/a><\/h2>\n<\/div>\n<\/div>\n<div class=\"clear\"><\/div>\n<\/div>\n<div class=\"margen-3\"><\/div>\n<div class=\"caja-bienvenidos borde-diagonal-bienvenidos\">\n<div class=\"sheet clearfix\">\n<div class=\"three_fourths\">\n<h2 class=\"titulo-home\">WILLKOMMEN BEI ALGOSUR<\/h2>\n<p class=\"texto\">Algosur ist eine agroindustrielle Gruppe spezialisiert auf Forschung, Produktion, Transformation und Vermarktung von bestimmten extensiven Bepflanzungen. Dazu geh\u00f6ren Baumwollfasern, Industria-Tomate, Wei\u00dfpfeifen-Sonnenblume, Quinoa, Popcorn-Mais, Wachsmais.<\/p>\n<p class=\"texto\">Zu der Gruppe Algosur geh\u00f6rt unter anderem auch ein Gesch\u00e4ftsbereich, der auf Tierfuttermittel und Vitropflanzenproduktion spezialisiert ist.<\/p>\n<h3 class=\"blanco\">Algosur spezialisiert sich auf die Wertsteigerung der aktuellen Produkte, die Entwicklung und Umsetzung von neuen Bepflanzungen und verwaltet sowie verarbeitet eine landwirtschaftliche Produktion von ca.<\/h3>\n<\/div>\n<div class=\"clear\"><\/div>\n<\/div>\n<\/div>\n<div class=\"sheet clearfix\">\n<div class=\"one_half\">\n<h3 class=\"titulo-home\">NACHRICHT<\/h3>\n<div id=\"category-\" class=\"latestposts\">\n<div class=\"clear\"><\/div>\n<\/div>\n<\/div>\n<div class=\"one_half last\">\n<h3 class=\"titulo-home\">QUALIT\u00c4T<\/h3>\n<div  class=\"lgx-carousel-section\"  >\n<div class=\"lgx-section-inner\" style=\"background-color:rgba(241,241,241,0.85); color:#333333;\">\n<div class=\"lgx-carousel-wrapper\">\n<div class=\"lgx-carousel\"  data-margin=\"10\"  data-loop=\"true\"  data-nav=\"true\"  data-autoplay=\"true\"  data-autoplaytimeout=\"500\"  data-lazyload=\"false\"  data-addclassactive=\"true\"  data-autoplayhoverpause=\"false\"  data-video=\"false\"  data-animateout=\"false\"  data-animatein=\"false\"  data-dots=\"true\"  data-videoheight=\"350\"  data-videowidth=\"false\"  data-smartspeed=\"500\"  data-slidespeed=\"200\"  data-paginationspeed=\"800\"  data-itemlarge=\"1\"  data-itemdesk=\"1\"  data-itemtablet=\"1\"  data-itemmobile=\"1\"  data-navlarge=\"true\"  data-navdesk=\"true\"  data-navtablet=\"true\"  data-navmobile=\"true\"  >\n<div class=\"item lgx-item\" ><img  title=\"Logo Producci\u00f3n Integrada Andaluc\u00eda - Algosur\" loading=\"lazy\" decoding=\"async\" src=\"http:\/\/algosur.es\/wp-content\/uploads\/2017\/10\/eu-organic.png\"  alt=\"Logo Producci\u00f3n Integrada Andaluc\u00eda - Algosur\"  width=\"208\" height=\"154\" class=\"aligncenter size-full wp-image-529\" \/><\/div>\n<div class=\"item lgx-item\" ><img  title=\"Logo Producci\u00f3n Integrada Andaluc\u00eda - Algosur\" loading=\"lazy\" decoding=\"async\" src=\"http:\/\/algosur.es\/wp-content\/uploads\/2017\/10\/halal.png\"  alt=\"Logo Producci\u00f3n Integrada Andaluc\u00eda - Algosur\"  width=\"208\" height=\"154\" class=\"aligncenter size-full wp-image-418\" \/><\/div>\n<div class=\"item lgx-item\" ><img  title=\"Logo Producci\u00f3n Integrada Andaluc\u00eda - Algosur\" loading=\"lazy\" decoding=\"async\" src=\"http:\/\/algosur.es\/wp-content\/uploads\/2017\/10\/kosher.png\"  alt=\"Logo Producci\u00f3n Integrada Andaluc\u00eda - Algosur\"  width=\"208\" height=\"154\" class=\"aligncenter size-full wp-image-416\" \/><\/div>\n<div class=\"item lgx-item\" ><img  title=\"Logo Producci\u00f3n Integrada Andaluc\u00eda - Algosur\" loading=\"lazy\" decoding=\"async\" src=\"http:\/\/algosur.es\/wp-content\/uploads\/2017\/10\/brc-food-certificated.jpg\"  alt=\"Logo Producci\u00f3n Integrada Andaluc\u00eda - Algosur\"  width=\"208\" height=\"154\" class=\"aligncenter size-full wp-image-559\" \/><\/div>\n<div class=\"item lgx-item\" ><img  title=\"Logo Producci\u00f3n Integrada Andaluc\u00eda - Algosur\" loading=\"lazy\" decoding=\"async\" src=\"http:\/\/algosur.es\/wp-content\/uploads\/2016\/12\/ifs-food.png\"  alt=\"Logo Producci\u00f3n Integrada Andaluc\u00eda - Algosur\"  width=\"208\" height=\"154\" class=\"aligncenter size-full wp-image-412\" \/><\/div>\n<div class=\"item lgx-item\" ><img  title=\"Logo Producci\u00f3n Integrada Andaluc\u00eda - Algosur\" loading=\"lazy\" decoding=\"async\" src=\"http:\/\/algosur.es\/wp-content\/uploads\/2016\/12\/produccion-integrada-andalucia.png\"  alt=\"Logo Producci\u00f3n Integrada Andaluc\u00eda - Algosur\"  width=\"208\" height=\"154\" class=\"aligncenter size-full wp-image-411\" \/><\/div>\n<\/div>\n<\/div>\n<\/div>\n<\/div>\n<\/div>\n<div class=\"clear\"><\/div>\n<\/div>\n","protected":false},"excerpt":{"rendered":"<p>PRODUKTE NACHHALTIGKEIT algosurPLANT Plantagen &amp; Beratung WILLKOMMEN BEI ALGOSUR Algosur ist eine agroindustrielle Gruppe spezialisiert auf Forschung, Produktion, Transformation und Vermarktung von bestimmten extensiven Bepflanzungen. Dazu geh\u00f6ren Baumwollfasern, Industria-Tomate, Wei\u00dfpfeifen-Sonnenblume, Quinoa, Popcorn-Mais, Wachsmais. Zu der Gruppe Algosur geh\u00f6rt unter anderem auch ein Gesch\u00e4ftsbereich, der auf Tierfuttermittel und Vitropflanzenproduktion spezialisiert ist. Algosur spezialisiert sich auf die [&hellip;]<\/p>\n","protected":false},"author":2,"featured_media":0,"parent":0,"menu_order":0,"comment_status":"closed","ping_status":"closed","template":"diseno-home.php","meta":{"_seopress_robots_primary_cat":"0","_seopress_titles_title":"Algosur: Agroindustrielle Gruppe, Tierfutter und Produktion von Vitropflanzen","_seopress_titles_desc":"Untersuchung, Produktion, Umwandlung und Kommerzialisierung bestimmter extensiver Kulturpflanzen. Dazu geh\u00f6ren Baumwollfasern, Industria-Tomate, Wei\u00dfpfeifen-Sonnenblume, Quinoa, Popcorn-Mais, Wachsmais.","_seopress_robots_index":"","inline_featured_image":false,"footnotes":""},"class_list":["post-4629","page","type-page","status-publish","hentry"],"_links":{"self":[{"href":"https:\/\/algosur.es\/de\/wp-json\/wp\/v2\/pages\/4629","targetHints":{"allow":["GET"]}}],"collection":[{"href":"https:\/\/algosur.es\/de\/wp-json\/wp\/v2\/pages"}],"about":[{"href":"https:\/\/algosur.es\/de\/wp-json\/wp\/v2\/types\/page"}],"author":[{"embeddable":true,"href":"https:\/\/algosur.es\/de\/wp-json\/wp\/v2\/users\/2"}],"replies":[{"embeddable":true,"href":"https:\/\/algosur.es\/de\/wp-json\/wp\/v2\/comments?post=4629"}],"version-history":[{"count":2,"href":"https:\/\/algosur.es\/de\/wp-json\/wp\/v2\/pages\/4629\/revisions"}],"predecessor-version":[{"id":4656,"href":"https:\/\/algosur.es\/de\/wp-json\/wp\/v2\/pages\/4629\/revisions\/4656"}],"wp:attachment":[{"href":"https:\/\/algosur.es\/de\/wp-json\/wp\/v2\/media?parent=4629"}],"curies":[{"name":"wp","href":"https:\/\/api.w.org\/{rel}","templated":true}]}}