{"id":4628,"date":"2017-11-03T12:10:31","date_gmt":"2017-11-03T11:10:31","guid":{"rendered":"https:\/\/algosur.es\/nachhaltigkeit\/"},"modified":"2023-03-06T10:24:22","modified_gmt":"2023-03-06T09:24:22","slug":"nachhaltigkeit","status":"publish","type":"page","link":"https:\/\/algosur.es\/de\/nachhaltigkeit\/","title":{"rendered":"Nachhaltigkeit"},"content":{"rendered":"<p class=\"no-margin\"><img  title=\"Nachhaltigkeit - Algosur\" loading=\"lazy\" decoding=\"async\" class=\"aligncenter size-full wp-image-274 img-full\" src=\"http:\/\/algosur.es\/wp-content\/uploads\/2016\/12\/cabecera-sostenibilidad.jpg\"  alt=\"Nachhaltigkeit - Algosur\"  width=\"1600\" height=\"551\" srcset=\"https:\/\/algosur.es\/wp-content\/uploads\/2016\/12\/cabecera-sostenibilidad.jpg 1600w, https:\/\/algosur.es\/wp-content\/uploads\/2016\/12\/cabecera-sostenibilidad-300x103.jpg 300w, https:\/\/algosur.es\/wp-content\/uploads\/2016\/12\/cabecera-sostenibilidad-768x264.jpg 768w, https:\/\/algosur.es\/wp-content\/uploads\/2016\/12\/cabecera-sostenibilidad-1024x353.jpg 1024w\" sizes=\"auto, (max-width: 1600px) 100vw, 1600px\" \/><\/p>\n<div class=\"sheet clearfix\">\n<h1 class=\"titulo-pagina\">Nachhaltigkeit<\/h1>\n<p class=\"texto\" style=\"text-align: center;\">Algosur verfolgt seit seiner Entstehung das Ziel, der Lebensmittelindustrie eine gro\u03b2e Bandbreite von qualitativ hochwertigen Produkten mit garantierter Lebensmittelsicherheit anbieten zu k\u00f6nnen. Dies wird durch ein modernes R\u00fcckverfolgungsprogramm realisiert, das s\u00e4mtliche landwirtschaftliche Kontrollen, Transformationsprozesse, Verpackung, Logistik und Laboraktivit\u00e4ten, registriert und koordiniert.<\/p>\n<\/div>\n<div class=\"margen-2\"><\/div>\n<div class=\"table-wp\">\n<div class=\"row-wp\">\n<div class=\"cell-wp fondo-verde\">\n<div class=\"padding-3\">\n<p class=\"texto\">Die Grundpfeiler des Erfolgs von Algsour sind die Garantie f\u00fcr R\u00fcckverfolgbarkeit, die konstante Investition und Innovation, um bestehende Produkte zu verbessern, neue Bepflanzungen an die Region anzupassen, sowie das Engagement im Anbaugebiet. Deshalb sieht Algosur seine Programme der Nachhaltigkeit und die Unterst\u00fctzung der Landwirte als eine einen Konkurrenzvorsprung. Diese Programme leisten einen wesentlichen Beitrag bei der Weiterentwicklung von Nachhaltigkeit und bei der Verwirklichung von sozialen Ambitionen und Fragen des Umweltschutzes.<\/p>\n<p class=\"texto\">Algosur spezialisiert sich auf die Wertsteigerung der aktuellen Produkte, der Entwicklung und Umsetzung von neuen Bepflanzungen in der Guadalquivir Talgegend und schafft damit einen Mehrwert f\u00fcr Landwirte und einen positiven Nutzen im Funktionsgebiet.<\/p>\n<\/div>\n<\/div>\n<div class=\"cell-wp fondo-gris\">\n<div class=\"padding-3\">\n<p class=\"texto\">Qualit\u00e4t, Innovation und Lebensmittelsicherheit sind die Unterscheidungsmerkmale unserer Produkte. S\u00e4mtliche landwirtschaftlichen Kontrollen, Prozesse, Verpackung, Logistikaktivit\u00e4ten sind registriert und durch unsere R\u00fcckverfolgungsprogramme aufgezeichnet. Sie garantieren, dass keine Voraussetzung \u00fcbergangen wird.<\/p>\n<p>Dieses Programm erf\u00fcllt die Anforderungen der Lebensmittelsicherheit und versichert dem Konsumenten somit eine komplette R\u00fcckverfolgung des Produkts vom Ursprung bis zum Ende. Nichts dergleichen w\u00e4re ohne hochqualifizierte und professionelle Mitarbeiter m\u00f6glich. Ein Zusammenspiel aus Spezialisten, die daf\u00fcr verantwortlich sind jeden Millimeter der Etappen im Produktionsprozess zu kontrollieren; vom Samen bis zur Vermarktung.<\/p>\n<\/div>\n<\/div>\n<\/div>\n<\/div>\n<div class=\"margen-2\"><\/div>\n<div class=\"sheet clearfix dos-columnas\">\n<p class=\"texto\">Algosur wird seinem Slogan \u201eQualit\u00e4t in allen Bereichen\u201c gerecht und orientiert sein Arbeitssystem daran den Kunden ein qualitativ hochwertiges Produkt und Lebensmittelsicherheit zu liefern. Dazu geh\u00f6rt ein innovatives System der R\u00fcckverfolgbarkeit, welches alle Abteilungen integriert und kontrolliert, die in der Transformation des Produkts involviert sind, wie zum Beispiel: Landwirtschaft, Labor, Logistik.<\/p>\n<p class=\"texto\">Das System der R\u00fcckverfolgbarkeit wird den hohen Anforderungen der Lebensmittelsicherheit gerecht und versichert somit eine komplette R\u00fcckverfolgung von der Saat \u00fcber die landwirtschaftliche Produktion bis zum Endprodukt. Alles zusammen erlaubt Algosur den Kunden ein Produkt mit hochwertiger Qualit\u00e4t, Garantien und Lebensmittelsicherheit anbieten zu k\u00f6nnen. Dabei werden alle geltenden Regelungen und Gesetze im Bereich R\u00fcckverfolgbarkeit, Hygiene, Arbeitsplatzsicherheit, Arbeitsethik und Umwelt eingehalten.<\/p>\n<\/div>\n","protected":false},"excerpt":{"rendered":"<p>Nachhaltigkeit Algosur verfolgt seit seiner Entstehung das Ziel, der Lebensmittelindustrie eine gro\u03b2e Bandbreite von qualitativ hochwertigen Produkten mit garantierter Lebensmittelsicherheit anbieten zu k\u00f6nnen. Dies wird durch ein modernes R\u00fcckverfolgungsprogramm realisiert, das s\u00e4mtliche landwirtschaftliche Kontrollen, Transformationsprozesse, Verpackung, Logistik und Laboraktivit\u00e4ten, registriert und koordiniert. Die Grundpfeiler des Erfolgs von Algsour sind die Garantie f\u00fcr R\u00fcckverfolgbarkeit, die konstante [&hellip;]<\/p>\n","protected":false},"author":2,"featured_media":0,"parent":0,"menu_order":0,"comment_status":"closed","ping_status":"closed","template":"diseno-full.php","meta":{"_seopress_robots_primary_cat":"0","_seopress_titles_title":"Nachhaltige agroindustrielle Unternehmen - Nachhaltige Landwirtschaft","_seopress_titles_desc":"Bei Algosur wollen wir der Lebensmittelindustrie eine breite Produktpalette mit garantierter Lebensmittelsicherheit anbieten.","_seopress_robots_index":"","inline_featured_image":false,"footnotes":""},"class_list":["post-4628","page","type-page","status-publish","hentry"],"_links":{"self":[{"href":"https:\/\/algosur.es\/de\/wp-json\/wp\/v2\/pages\/4628","targetHints":{"allow":["GET"]}}],"collection":[{"href":"https:\/\/algosur.es\/de\/wp-json\/wp\/v2\/pages"}],"about":[{"href":"https:\/\/algosur.es\/de\/wp-json\/wp\/v2\/types\/page"}],"author":[{"embeddable":true,"href":"https:\/\/algosur.es\/de\/wp-json\/wp\/v2\/users\/2"}],"replies":[{"embeddable":true,"href":"https:\/\/algosur.es\/de\/wp-json\/wp\/v2\/comments?post=4628"}],"version-history":[{"count":1,"href":"https:\/\/algosur.es\/de\/wp-json\/wp\/v2\/pages\/4628\/revisions"}],"predecessor-version":[{"id":4649,"href":"https:\/\/algosur.es\/de\/wp-json\/wp\/v2\/pages\/4628\/revisions\/4649"}],"wp:attachment":[{"href":"https:\/\/algosur.es\/de\/wp-json\/wp\/v2\/media?parent=4628"}],"curies":[{"name":"wp","href":"https:\/\/api.w.org\/{rel}","templated":true}]}}