{"id":4627,"date":"2017-11-03T12:28:55","date_gmt":"2017-11-03T11:28:55","guid":{"rendered":"https:\/\/algosur.es\/produkte\/vitropflanzen\/"},"modified":"2023-03-06T10:24:51","modified_gmt":"2023-03-06T09:24:51","slug":"vitropflanzen","status":"publish","type":"page","link":"https:\/\/algosur.es\/de\/produkte\/vitropflanzen\/","title":{"rendered":"VITROPFLANZEN"},"content":{"rendered":"<p class=\"no-margin\"><img  title=\"VITROPFLANZEN - Algosur\" loading=\"lazy\" decoding=\"async\" class=\"aligncenter size-full wp-image-477 img-full\" src=\"http:\/\/algosur.es\/wp-content\/uploads\/2017\/11\/cabecera-vitroplantas.jpg\"  alt=\"VITROPFLANZEN - Algosur\"  width=\"1600\" height=\"551\" srcset=\"https:\/\/algosur.es\/wp-content\/uploads\/2017\/11\/cabecera-vitroplantas.jpg 1600w, https:\/\/algosur.es\/wp-content\/uploads\/2017\/11\/cabecera-vitroplantas-300x103.jpg 300w, https:\/\/algosur.es\/wp-content\/uploads\/2017\/11\/cabecera-vitroplantas-768x264.jpg 768w, https:\/\/algosur.es\/wp-content\/uploads\/2017\/11\/cabecera-vitroplantas-1024x353.jpg 1024w\" sizes=\"auto, (max-width: 1600px) 100vw, 1600px\" \/><\/p>\n<div class=\"sheet clearfix\">\n<h1 class=\"titulo-pagina\">VITROPFLANZEN<\/h1>\n<p style=\"text-align: center;\"><strong>Algosur produziert, durch die Tochterfirma Vitrosur Lab S.L.U, gesunde Pflanzen mithilfe von zwei Arbeitsbereichen: Forschung und Produktion.<\/strong><\/p>\n<\/div>\n<div class=\"margen-2\"><\/div>\n<div class=\"table-wp\">\n<div class=\"row-wp\">\n<div class=\"cell-wp fondo-verde\">\n<div class=\"padding-3\">\n<p class=\"texto\">Der Produktionsbereich der Pflanzen hat eine Kapazit\u00e4t von 10 Millionen Pflanzen, Zwiebeln und Knollen pro Jahr. Das Zusammenspiel dieser beiden Gesch\u00e4ftsbereiche beweist die M\u00f6glichkeit Forschung vom Labor bis auf das Feld zu bringen.<\/p>\n<p class=\"texto\">Das Labor entwickelt in Vitropflanzen und Kartoffelknollen; in Vitro Vermehrung von Stevia, Ananas, Eukalyptus, etc.<\/p>\n<\/div>\n<\/div>\n<div class=\"cell-wp fondo-gris\">\n<div class=\"padding-3\">\n<p class=\"texto\">Vitrosur Lab entwickelt Projekte zur Entstehung von &#8222;Biofabriken&#8220; abh\u00e4ngig von der gew\u00fcnschten produktiven Kapazit\u00e4t unseres Kunden. Wir \u00fcbertragen dann &#8222;Schl\u00fc\u03b2elfertig&#8220; die Anlage und Inbetriebnahme des Labors zur Pflanzenproduktion.<\/p>\n<p class=\"texto\">Dieser Service beinhaltet eine Wertsch\u00e4tzung der Investition, Zusammenarbeit und Genehmigung der Bauarbeiten des Labors f\u00fcr Pflanzenproduktion; Beratung \u00fcber die Installation von Ausstattung und \u00dcberwachung des Baus; Schulung des Personals, \u00dcberwachung und Inbetriebnahme; Kundenservice und Beratung am Anfang der Inbetriebnahme.<\/p>\n<\/div>\n<\/div>\n<\/div>\n<\/div>\n<div class=\"margen-2\"><\/div>\n<div class=\"sheet clearfix\">\n<p style=\"text-align: center;\"><a href=\"http:\/\/vitrosurlab.es\/\" target=\"_blank\" rel=\"noopener noreferrer\" class=\"broken_link\"><img  title=\"VITROPFLANZEN - Algosur\" decoding=\"async\" src=\"http:\/\/algosur.es\/wp-content\/uploads\/2016\/12\/logotipo-vitrosur-lab.png\"  alt=\"VITROPFLANZEN - Algosur\" ><\/a><\/p>\n<p style=\"text-align: center;\"><a class=\"button broken_link\" href=\"http:\/\/vitrosurlab.es\/\" target=\"_blank\" rel=\"noopener noreferrer\">Weitere Informationen dazu auf der Internetseite von Vitrosur Lab.<\/a><\/p>\n<\/div>\n","protected":false},"excerpt":{"rendered":"<p>VITROPFLANZEN Algosur produziert, durch die Tochterfirma Vitrosur Lab S.L.U, gesunde Pflanzen mithilfe von zwei Arbeitsbereichen: Forschung und Produktion. Der Produktionsbereich der Pflanzen hat eine Kapazit\u00e4t von 10 Millionen Pflanzen, Zwiebeln und Knollen pro Jahr. Das Zusammenspiel dieser beiden Gesch\u00e4ftsbereiche beweist die M\u00f6glichkeit Forschung vom Labor bis auf das Feld zu bringen. Das Labor entwickelt in [&hellip;]<\/p>\n","protected":false},"author":2,"featured_media":0,"parent":4623,"menu_order":0,"comment_status":"closed","ping_status":"closed","template":"diseno-full.php","meta":{"_seopress_robots_primary_cat":"0","_seopress_titles_title":"Vitropflanzen - Pflanzenproduktion - Algosur","_seopress_titles_desc":"Algosur produziert gesunde Pflanzen aus dem Forschungsbereich und dem Produktionsbereich. Wenn Sie mehr \u00fcber Vitroplants erfahren m\u00f6chten, kontaktieren Sie uns!","_seopress_robots_index":"","inline_featured_image":false,"footnotes":""},"class_list":["post-4627","page","type-page","status-publish","hentry"],"_links":{"self":[{"href":"https:\/\/algosur.es\/de\/wp-json\/wp\/v2\/pages\/4627","targetHints":{"allow":["GET"]}}],"collection":[{"href":"https:\/\/algosur.es\/de\/wp-json\/wp\/v2\/pages"}],"about":[{"href":"https:\/\/algosur.es\/de\/wp-json\/wp\/v2\/types\/page"}],"author":[{"embeddable":true,"href":"https:\/\/algosur.es\/de\/wp-json\/wp\/v2\/users\/2"}],"replies":[{"embeddable":true,"href":"https:\/\/algosur.es\/de\/wp-json\/wp\/v2\/comments?post=4627"}],"version-history":[{"count":1,"href":"https:\/\/algosur.es\/de\/wp-json\/wp\/v2\/pages\/4627\/revisions"}],"predecessor-version":[{"id":4655,"href":"https:\/\/algosur.es\/de\/wp-json\/wp\/v2\/pages\/4627\/revisions\/4655"}],"up":[{"embeddable":true,"href":"https:\/\/algosur.es\/de\/wp-json\/wp\/v2\/pages\/4623"}],"wp:attachment":[{"href":"https:\/\/algosur.es\/de\/wp-json\/wp\/v2\/media?parent=4627"}],"curies":[{"name":"wp","href":"https:\/\/api.w.org\/{rel}","templated":true}]}}