{"id":4626,"date":"2017-11-03T12:28:02","date_gmt":"2017-11-03T11:28:02","guid":{"rendered":"https:\/\/algosur.es\/produkte\/textilien\/"},"modified":"2023-03-06T10:24:42","modified_gmt":"2023-03-06T09:24:42","slug":"textilien","status":"publish","type":"page","link":"https:\/\/algosur.es\/de\/produkte\/textilien\/","title":{"rendered":"Textilien"},"content":{"rendered":"<p class=\"no-margin\"><img  title=\"Textilien - Algosur\" loading=\"lazy\" decoding=\"async\" class=\"aligncenter size-full wp-image-516 img-full\" src=\"http:\/\/algosur.es\/wp-content\/uploads\/2017\/11\/cabecera-textil-1.jpg\"  alt=\"Textilien - Algosur\"  width=\"1600\" height=\"550\" srcset=\"https:\/\/algosur.es\/wp-content\/uploads\/2017\/11\/cabecera-textil-1.jpg 1600w, https:\/\/algosur.es\/wp-content\/uploads\/2017\/11\/cabecera-textil-1-300x103.jpg 300w, https:\/\/algosur.es\/wp-content\/uploads\/2017\/11\/cabecera-textil-1-768x264.jpg 768w, https:\/\/algosur.es\/wp-content\/uploads\/2017\/11\/cabecera-textil-1-1024x352.jpg 1024w\" sizes=\"auto, (max-width: 1600px) 100vw, 1600px\" \/><\/p>\n<div class=\"sheet clearfix\">\n<h1 class=\"titulo-pagina\">Textilien<\/h1>\n<div class=\"dos-columnas\">\n<p class=\"texto\">Algosur ist das einzige Unternehmen in ganz Europa und damit ein f\u00fchrendes Unternhmen, welches die drei grundlegenden Qualit\u00e4tstypen von Baumwolle produziert: Normale Fasern, lange Fasern und extra lange Fasern, die mit allen internationalen M\u00e4rkten konkurrieren k\u00f6nnen.<\/p>\n<p class=\"texto\">Diese F\u00fchrungsposition ist einerseits das Ergebnis der Entwicklung eigener Sorten, die mit dem Qualit\u00e4tsniveau aus Israel oder Kalifornien zu vergleichen sind.<\/p>\n<p class=\"texto\">Andererseits aber auch das Ergebnis einer Investition in eine Entk\u00f6rnungstechnologie, geschnitten als auch gerollt, mit einer Kapazit\u00e4t von 70.000.000 Baumwolle brutto, sowie ein eigenes Labor mit HVI der neuesten Generation, die das Angebot dieser einzigartigen Qualit\u00e4t in Europa m\u00f6glich machen.<\/p>\n<p class=\"texto\">Die Integration mit dem Landwirt macht eine R\u00fcckverfolgungskontrolle der gesamten Produktion m\u00f6glich und versichert somit, dass unsere Baumwolle nach den Prinzipien der integrierten Produktion durchgef\u00fchrt wird.<\/p>\n<\/div>\n<\/div>\n<div class=\"margen-2\"><\/div>\n<div class=\"linea-gris\"><\/div>\n<div class=\"margen-2\"><\/div>\n<div class=\"sheet clearfix\">\n<p style=\"text-align: center;\"><a href=\"http:\/\/www.ssiberica.es\/es\/\" target=\"_blank\" rel=\"noopener noreferrer\"><img  title=\"Textilien - Algosur\" decoding=\"async\" src=\"http:\/\/algosur.es\/wp-content\/uploads\/2016\/12\/logotipo-semi-sur.png\"  alt=\"Textilien - Algosur\" ><\/a><\/p>\n<p style=\"text-align: center;\"><a class=\"button\" href=\"http:\/\/www.ssiberica.es\/es\/\" target=\"_blank\" rel=\"noopener noreferrer\">Weitere Informationen dazu auf der Internetseite von Semisur<\/a><\/p>\n<\/div>\n","protected":false},"excerpt":{"rendered":"<p>Textilien Algosur ist das einzige Unternehmen in ganz Europa und damit ein f\u00fchrendes Unternhmen, welches die drei grundlegenden Qualit\u00e4tstypen von Baumwolle produziert: Normale Fasern, lange Fasern und extra lange Fasern, die mit allen internationalen M\u00e4rkten konkurrieren k\u00f6nnen. Diese F\u00fchrungsposition ist einerseits das Ergebnis der Entwicklung eigener Sorten, die mit dem Qualit\u00e4tsniveau aus Israel oder Kalifornien [&hellip;]<\/p>\n","protected":false},"author":2,"featured_media":0,"parent":4623,"menu_order":0,"comment_status":"closed","ping_status":"closed","template":"diseno-full.php","meta":{"_seopress_robots_primary_cat":"0","_seopress_titles_title":"Textilien - Normalfaser, Langfaser und Extrafaser - Algosur","_seopress_titles_desc":"Wir sind das einzige Unternehmen in Europa, das alle drei Grundqualit\u00e4ten herstellt: Normal-, Lang- und Extrafaser. Kontaktiere uns!","_seopress_robots_index":"","inline_featured_image":false,"footnotes":""},"class_list":["post-4626","page","type-page","status-publish","hentry"],"_links":{"self":[{"href":"https:\/\/algosur.es\/de\/wp-json\/wp\/v2\/pages\/4626","targetHints":{"allow":["GET"]}}],"collection":[{"href":"https:\/\/algosur.es\/de\/wp-json\/wp\/v2\/pages"}],"about":[{"href":"https:\/\/algosur.es\/de\/wp-json\/wp\/v2\/types\/page"}],"author":[{"embeddable":true,"href":"https:\/\/algosur.es\/de\/wp-json\/wp\/v2\/users\/2"}],"replies":[{"embeddable":true,"href":"https:\/\/algosur.es\/de\/wp-json\/wp\/v2\/comments?post=4626"}],"version-history":[{"count":1,"href":"https:\/\/algosur.es\/de\/wp-json\/wp\/v2\/pages\/4626\/revisions"}],"predecessor-version":[{"id":4653,"href":"https:\/\/algosur.es\/de\/wp-json\/wp\/v2\/pages\/4626\/revisions\/4653"}],"up":[{"embeddable":true,"href":"https:\/\/algosur.es\/de\/wp-json\/wp\/v2\/pages\/4623"}],"wp:attachment":[{"href":"https:\/\/algosur.es\/de\/wp-json\/wp\/v2\/media?parent=4626"}],"curies":[{"name":"wp","href":"https:\/\/api.w.org\/{rel}","templated":true}]}}