{"id":4625,"date":"2017-11-03T12:28:26","date_gmt":"2017-11-03T11:28:26","guid":{"rendered":"https:\/\/algosur.es\/produkte\/tierfuttermittel\/"},"modified":"2024-05-07T17:23:01","modified_gmt":"2024-05-07T15:23:01","slug":"tierfuttermittel","status":"publish","type":"page","link":"https:\/\/algosur.es\/de\/produkte\/tierfuttermittel\/","title":{"rendered":"TIERFUTTERMITTEL"},"content":{"rendered":"<p class=\"no-margin\"><img  title=\"TIERFUTTERMITTEL - Algosur\" loading=\"lazy\" decoding=\"async\" class=\"aligncenter size-full wp-image-489 img-full\" src=\"http:\/\/algosur.es\/wp-content\/uploads\/2017\/11\/cabecera-alimentacion-animal.jpg\"  alt=\"TIERFUTTERMITTEL - Algosur\"  width=\"1600\" height=\"550\" srcset=\"https:\/\/algosur.es\/wp-content\/uploads\/2017\/11\/cabecera-alimentacion-animal.jpg 1600w, https:\/\/algosur.es\/wp-content\/uploads\/2017\/11\/cabecera-alimentacion-animal-300x103.jpg 300w, https:\/\/algosur.es\/wp-content\/uploads\/2017\/11\/cabecera-alimentacion-animal-768x264.jpg 768w, https:\/\/algosur.es\/wp-content\/uploads\/2017\/11\/cabecera-alimentacion-animal-1024x352.jpg 1024w\" sizes=\"auto, (max-width: 1600px) 100vw, 1600px\" \/><\/p>\n<div class=\"sheet clearfix\">\n<h1 class=\"titulo-pagina\">TIERFUTTERMITTEL<\/h1>\n<p class=\"texto\">Algosur vermarket durch den Gesch\u00e4ftsbereich Tierfuttermittel verschiedene Produkte: Baumwollsamen f\u00fcr Vieh, Vollkornmehl aus Sojabohnen (Full fat Soja) und pellets mit verschiedener Zusammensetzung.<\/p>\n<\/div>\n<div class=\"margen-2\"><\/div>\n<div class=\"table-wp\">\n<div class=\"row-wp\">\n<div class=\"cell-wp fondo-verde\">\n<div class=\"padding-3\">\n<p class=\"texto\">Die Transformationsprozesse werden in separaten Installationen und daf\u00fcr vorgesehenen Produktionslinien durchgef\u00fchrt. Durch umfassende Qualit\u00e4tskontrollen und Lebensmittelsicherheit wird jegliches Risiko der Kreuzkontamination ausgeschlossen und h\u00f6chste Qualit\u00e4t der vermarkteten Produkte garantiert.<\/p>\n<\/div>\n<\/div>\n<div class=\"cell-wp fondo-gris\">\n<div class=\"padding-3\">\n<p class=\"texto\">Algosur verf\u00fcgt ebenfalls \u00fcber einen Gesch\u00e4ftsbereich K\u00f6rnung, designed f\u00fcr den Prozess der K\u00f6rnung der Nebenprodukte. Die neusten Technologien erlauben eine optimierte Energieeffizienz und eine hohe Qualit\u00e4t des Korns. Dazu geh\u00f6rt ein Lagerhaus f\u00fcr palettisierte Nebenprodukte.<\/p>\n<\/div>\n<\/div>\n<\/div>\n<\/div>\n<div class=\"margen-2\"><\/div>\n<div class=\"linea-gris\"><\/div>\n<div class=\"margen-2\"><\/div>\n","protected":false},"excerpt":{"rendered":"<p>TIERFUTTERMITTEL Algosur vermarket durch den Gesch\u00e4ftsbereich Tierfuttermittel verschiedene Produkte: Baumwollsamen f\u00fcr Vieh, Vollkornmehl aus Sojabohnen (Full fat Soja) und pellets mit verschiedener Zusammensetzung. Die Transformationsprozesse werden in separaten Installationen und daf\u00fcr vorgesehenen Produktionslinien durchgef\u00fchrt. Durch umfassende Qualit\u00e4tskontrollen und Lebensmittelsicherheit wird jegliches Risiko der Kreuzkontamination ausgeschlossen und h\u00f6chste Qualit\u00e4t der vermarkteten Produkte garantiert. Algosur verf\u00fcgt ebenfalls [&hellip;]<\/p>\n","protected":false},"author":2,"featured_media":0,"parent":4623,"menu_order":0,"comment_status":"closed","ping_status":"closed","template":"diseno-full.php","meta":{"_seopress_robots_primary_cat":"0","_seopress_titles_title":"","_seopress_titles_desc":"Algosur vermarktet \u00fcber seine Tierfuttersparte verschiedene Produkte. Besuchen Sie unsere Website, um sie kennenzulernen.","_seopress_robots_index":"","inline_featured_image":false,"footnotes":""},"class_list":["post-4625","page","type-page","status-publish","hentry"],"_links":{"self":[{"href":"https:\/\/algosur.es\/de\/wp-json\/wp\/v2\/pages\/4625","targetHints":{"allow":["GET"]}}],"collection":[{"href":"https:\/\/algosur.es\/de\/wp-json\/wp\/v2\/pages"}],"about":[{"href":"https:\/\/algosur.es\/de\/wp-json\/wp\/v2\/types\/page"}],"author":[{"embeddable":true,"href":"https:\/\/algosur.es\/de\/wp-json\/wp\/v2\/users\/2"}],"replies":[{"embeddable":true,"href":"https:\/\/algosur.es\/de\/wp-json\/wp\/v2\/comments?post=4625"}],"version-history":[{"count":2,"href":"https:\/\/algosur.es\/de\/wp-json\/wp\/v2\/pages\/4625\/revisions"}],"predecessor-version":[{"id":11073,"href":"https:\/\/algosur.es\/de\/wp-json\/wp\/v2\/pages\/4625\/revisions\/11073"}],"up":[{"embeddable":true,"href":"https:\/\/algosur.es\/de\/wp-json\/wp\/v2\/pages\/4623"}],"wp:attachment":[{"href":"https:\/\/algosur.es\/de\/wp-json\/wp\/v2\/media?parent=4625"}],"curies":[{"name":"wp","href":"https:\/\/api.w.org\/{rel}","templated":true}]}}