{"id":4621,"date":"2017-09-05T16:42:57","date_gmt":"2017-09-05T14:42:57","guid":{"rendered":"https:\/\/algosur.es\/cookies-policy\/"},"modified":"2023-03-06T10:23:46","modified_gmt":"2023-03-06T09:23:46","slug":"cookies-policy","status":"publish","type":"page","link":"https:\/\/algosur.es\/de\/cookies-policy\/","title":{"rendered":"Cookies Policy"},"content":{"rendered":"<p class=\"no-margin\"><img  title=\"Cookies Policy - Algosur\" loading=\"lazy\" decoding=\"async\" src=\"http:\/\/algosur.es\/wp-content\/uploads\/2016\/12\/cabecera-contacto.jpg\"  alt=\"Cookies Policy - Algosur\"  width=\"1600\" height=\"550\" class=\"aligncenter size-full wp-image-265 img-full\" srcset=\"https:\/\/algosur.es\/wp-content\/uploads\/2016\/12\/cabecera-contacto.jpg 1600w, https:\/\/algosur.es\/wp-content\/uploads\/2016\/12\/cabecera-contacto-300x103.jpg 300w, https:\/\/algosur.es\/wp-content\/uploads\/2016\/12\/cabecera-contacto-768x264.jpg 768w, https:\/\/algosur.es\/wp-content\/uploads\/2016\/12\/cabecera-contacto-1024x352.jpg 1024w\" sizes=\"auto, (max-width: 1600px) 100vw, 1600px\" \/><\/p>\n<div class=\"sheet clearfix\">\n<h1 class=\"titulo-pagina\">Cookies Policy<\/h1>\n<p class=\"texto\">Desde Algosur deseamos informarte que nuestra p\u00e1gina web utiliza cookies para analizar la navegaci\u00f3n de usuarios.<\/p>\n<p class=\"texto\">Las cookies son unos archivos que se instalan en el equipo desde el que accedes a nuestra web con las finalidades que se describen en esta p\u00e1gina.<\/p>\n<div class=\"margen-1\"><\/div>\n<h3>En Algosur utilizamos las siguientes cookies:<\/h3>\n<ul>\n<li>Cookies __utma, __utmb, __utmc, __utmz: son las cookies que utiliza el servicio de Google Analytics, marca de Google Inc.&nbsp; El uso de estas cookies nos permite ver de d\u00f3nde viene un visitante, el tiempo que permanece en nuestra web, las p\u00e1ginas que visita, etc. Es una cookie de seguimiento.<\/li>\n<\/ul>\n<div class=\"margen-1\"><\/div>\n<p class=\"texto\">Para permitir, conocer, bloquear o eliminar las cookies instaladas en tu equipo puedes hacerlo mediante la configuraci\u00f3n de las opciones del navegador instalado en su ordenador.<\/p>\n<p class=\"texto\">Por ejemplo puedes encontrar informaci\u00f3n sobre c\u00f3mo hacerlo en el caso que uses como navegador:<\/p>\n<ul>\n<li>Firefox desde aqu\u00ed: <a href=\"http:\/\/support.mozilla.org\/es\/kb\/habilitar-y-deshabilitar-cookies-que-los-sitios-we\">http:\/\/support.mozilla.org\/es\/kb\/habilitar-y-deshabilitar-cookies-que-los-sitios-we<\/a><\/li>\n<li>Chrome desde aqu\u00ed: <a href=\"http:\/\/support.google.com\/chrome\/bin\/answer.py?hl=es&amp;answer=95647\">http:\/\/support.google.com\/chrome\/bin\/answer.py?hl=es&amp;answer=95647<\/a><\/li>\n<li>Explorer desde aqu\u00ed: <a href=\"http:\/\/windows.microsoft.com\/es-es\/windows7\/how-to-manage-cookies-in-internet-explorer-9\">http:\/\/windows.microsoft.com\/es-es\/windows7\/how-to-manage-cookies-in-internet-explorer-9<\/a><\/li>\n<li>Safari desde aqu\u00ed: <a href=\"http:\/\/support.apple.com\/kb\/ph5042\">http:\/\/support.apple.com\/kb\/ph5042<\/a><\/li>\n<li>Opera desde aqu\u00ed: <a href=\"http:\/\/help.opera.com\/Windows\/11.50\/es-ES\/cookies.html\">http:\/\/help.opera.com\/Windows\/11.50\/es-ES\/cookies.html<\/a><\/li>\n<\/ul>\n<div class=\"margen-1\"><\/div>\n<p class=\"\u201ctexto\u201d\">LA EMPRESA no se responsabilizar\u00e1 del mal uso que el usuario pueda realizar de su web, ni de los virus u otros elementos que pudieran existir y causar da\u00f1os en los sistemas inform\u00e1ticos , en los documentos electr\u00f3nicos o en los ficheros de los usuarios de su web o de la web de terceros.<\/p>\n<\/div>\n","protected":false},"excerpt":{"rendered":"<p>Cookies Policy Desde Algosur deseamos informarte que nuestra p\u00e1gina web utiliza cookies para analizar la navegaci\u00f3n de usuarios. Las cookies son unos archivos que se instalan en el equipo desde el que accedes a nuestra web con las finalidades que se describen en esta p\u00e1gina. En Algosur utilizamos las siguientes cookies: Cookies __utma, __utmb, __utmc, [&hellip;]<\/p>\n","protected":false},"author":2,"featured_media":0,"parent":0,"menu_order":0,"comment_status":"closed","ping_status":"closed","template":"diseno-full.php","meta":{"_seopress_robots_primary_cat":"0","_seopress_titles_title":"","_seopress_titles_desc":"","_seopress_robots_index":"yes","inline_featured_image":false,"footnotes":""},"class_list":["post-4621","page","type-page","status-publish","hentry"],"_links":{"self":[{"href":"https:\/\/algosur.es\/de\/wp-json\/wp\/v2\/pages\/4621","targetHints":{"allow":["GET"]}}],"collection":[{"href":"https:\/\/algosur.es\/de\/wp-json\/wp\/v2\/pages"}],"about":[{"href":"https:\/\/algosur.es\/de\/wp-json\/wp\/v2\/types\/page"}],"author":[{"embeddable":true,"href":"https:\/\/algosur.es\/de\/wp-json\/wp\/v2\/users\/2"}],"replies":[{"embeddable":true,"href":"https:\/\/algosur.es\/de\/wp-json\/wp\/v2\/comments?post=4621"}],"version-history":[{"count":1,"href":"https:\/\/algosur.es\/de\/wp-json\/wp\/v2\/pages\/4621\/revisions"}],"predecessor-version":[{"id":4643,"href":"https:\/\/algosur.es\/de\/wp-json\/wp\/v2\/pages\/4621\/revisions\/4643"}],"wp:attachment":[{"href":"https:\/\/algosur.es\/de\/wp-json\/wp\/v2\/media?parent=4621"}],"curies":[{"name":"wp","href":"https:\/\/api.w.org\/{rel}","templated":true}]}}