{"id":4617,"date":"2019-07-05T13:06:22","date_gmt":"2019-07-05T11:06:22","guid":{"rendered":"https:\/\/algosur.es\/karriere\/"},"modified":"2025-08-13T09:02:59","modified_gmt":"2025-08-13T07:02:59","slug":"karriere","status":"publish","type":"page","link":"https:\/\/algosur.es\/de\/karriere\/","title":{"rendered":"Karriere"},"content":{"rendered":"<p class=\"no-margin\"><img  title=\"Karriere - Algosur\" loading=\"lazy\" decoding=\"async\" class=\"aligncenter size-full wp-image-672 img-full\" src=\"http:\/\/algosur.es\/wp-content\/uploads\/2019\/05\/cabecera-conjunto.jpg\"  alt=\"Karriere - Algosur\"  width=\"1600\" height=\"550\" srcset=\"https:\/\/algosur.es\/wp-content\/uploads\/2019\/05\/cabecera-conjunto.jpg 1600w, https:\/\/algosur.es\/wp-content\/uploads\/2019\/05\/cabecera-conjunto-300x103.jpg 300w, https:\/\/algosur.es\/wp-content\/uploads\/2019\/05\/cabecera-conjunto-768x264.jpg 768w, https:\/\/algosur.es\/wp-content\/uploads\/2019\/05\/cabecera-conjunto-1024x352.jpg 1024w\" sizes=\"auto, (max-width: 1600px) 100vw, 1600px\" \/><\/p>\n<div class=\"sheet clearfix\">\n<h1 class=\"titulo-pagina\">Karriere<\/h1>\n<div>\n<p class=\"texto\" style=\"text-align: center;\">Bei Algosur lieben wir es, Talente zu gewinnen. Wir glauben, dass gro\u00dfe Unternehmen mit gro\u00dfartigen Menschen aufgebaut werden. Wenn du Teil eines engagierten, dynamischen und stetig wachsenden Teams werden m\u00f6chtest, sende uns deinen Lebenslauf an: curriculum@algosur.com.<br data-start=\"326\" data-end=\"329\" \/>Wir freuen uns darauf, dich kennenzulernen und zu entdecken, was du beitragen kannst.<\/p>\n<\/div>\n<div class=\"margen-2\"><\/div>\n<h2 style=\"text-align: center;\">curriculum@algosur.com<\/h2>\n<\/div>\n","protected":false},"excerpt":{"rendered":"<p>Karriere Bei Algosur lieben wir es, Talente zu gewinnen. Wir glauben, dass gro\u00dfe Unternehmen mit gro\u00dfartigen Menschen aufgebaut werden. Wenn du Teil eines engagierten, dynamischen und stetig wachsenden Teams werden m\u00f6chtest, sende uns deinen Lebenslauf an: curriculum@algosur.com.Wir freuen uns darauf, dich kennenzulernen und zu entdecken, was du beitragen kannst. curriculum@algosur.com<\/p>\n","protected":false},"author":2,"featured_media":0,"parent":0,"menu_order":0,"comment_status":"closed","ping_status":"closed","template":"diseno-full.php","meta":{"_seopress_robots_primary_cat":"","_seopress_titles_title":"Bewerbung um eine Besch\u00e4ftigung im agroindustriellen Sektor - Algosur","_seopress_titles_desc":"M\u00f6chten Sie in Algosur arbeiten? Wenn Sie auf der Suche nach einer Stelle in der Agrarindustrie sind, z\u00f6gern Sie nicht, das Formular auszuf\u00fcllen und uns Ihren Lebenslauf zu \u00fcbermitteln.","_seopress_robots_index":"","inline_featured_image":false,"footnotes":""},"class_list":["post-4617","page","type-page","status-publish","hentry"],"_links":{"self":[{"href":"https:\/\/algosur.es\/de\/wp-json\/wp\/v2\/pages\/4617","targetHints":{"allow":["GET"]}}],"collection":[{"href":"https:\/\/algosur.es\/de\/wp-json\/wp\/v2\/pages"}],"about":[{"href":"https:\/\/algosur.es\/de\/wp-json\/wp\/v2\/types\/page"}],"author":[{"embeddable":true,"href":"https:\/\/algosur.es\/de\/wp-json\/wp\/v2\/users\/2"}],"replies":[{"embeddable":true,"href":"https:\/\/algosur.es\/de\/wp-json\/wp\/v2\/comments?post=4617"}],"version-history":[{"count":6,"href":"https:\/\/algosur.es\/de\/wp-json\/wp\/v2\/pages\/4617\/revisions"}],"predecessor-version":[{"id":17790,"href":"https:\/\/algosur.es\/de\/wp-json\/wp\/v2\/pages\/4617\/revisions\/17790"}],"wp:attachment":[{"href":"https:\/\/algosur.es\/de\/wp-json\/wp\/v2\/media?parent=4617"}],"curies":[{"name":"wp","href":"https:\/\/api.w.org\/{rel}","templated":true}]}}