{"id":4614,"date":"2016-12-15T11:41:36","date_gmt":"2016-12-15T10:41:36","guid":{"rendered":"https:\/\/algosur.es\/algosur\/"},"modified":"2023-03-06T10:23:38","modified_gmt":"2023-03-06T09:23:38","slug":"algosur","status":"publish","type":"page","link":"https:\/\/algosur.es\/de\/algosur\/","title":{"rendered":"Algosur"},"content":{"rendered":"<p class=\"no-margin\"><img  title=\"Algosur - Algosur\" loading=\"lazy\" decoding=\"async\" class=\"aligncenter size-full wp-image-510 img-full\" src=\"http:\/\/algosur.es\/wp-content\/uploads\/2016\/12\/cabecera-algosur.jpg\"  alt=\"Algosur - Algosur\"  width=\"1600\" height=\"550\" srcset=\"https:\/\/algosur.es\/wp-content\/uploads\/2016\/12\/cabecera-algosur.jpg 1600w, https:\/\/algosur.es\/wp-content\/uploads\/2016\/12\/cabecera-algosur-300x103.jpg 300w, https:\/\/algosur.es\/wp-content\/uploads\/2016\/12\/cabecera-algosur-768x264.jpg 768w, https:\/\/algosur.es\/wp-content\/uploads\/2016\/12\/cabecera-algosur-1024x352.jpg 1024w\" sizes=\"auto, (max-width: 1600px) 100vw, 1600px\" \/><\/p>\n<div class=\"sheet clearfix\">\n<h1 class=\"titulo-pagina\">Algosur<\/h1>\n<div class=\"dos-columnas\">\n<p class=\"texto\">Algosur ist eine agroindustrielle Gruppe spezialisiert auf Forschung, Produktion, Transformation und Vermarktung von bestimmten extensiven Bepflanzungen. Zu diesen z\u00e4hlen unter anderem Baumwollfasern, industrielle Tomatenerzeugung, Sonnenblumenkerne, Quinoa (aus eigener Produktion, Spanien), Mais f\u00fcr Popcorn und Waxi Mais.<\/p>\n<p class=\"texto\">Zu der Gruppe Algosur geh\u00f6rt unter anderem auch ein Gesch\u00e4ftsbereich, der auf Tierfuttermittel und Vitropflanzenproduktion spezialisiert ist.<\/p>\n<\/div>\n<div class=\"margen-2\"><\/div>\n<h3 style=\"text-align: center;\">Algosur spezialisiert sich auf die Wertsteigerung der aktuellen Produkte, die Entwicklung und Umsetzung von neuen Bepflanzungen und verwaltet sowie verarbeitet eine landwirtschaftliche Produktion von ca.<\/h3>\n<\/div>\n<div class=\"margen-2\"><\/div>\n<div class=\"table-wp\">\n<div class=\"row-wp\">\n<div class=\"cell-wp fondo-verde\">\n<div class=\"padding-3\">\n<p class=\"texto\">30.000 Hektar Bew\u00e4sserungsfl\u00e4che. Die Konsequenz ist eine komplette Vinkulation der agroindustriellen Marke mit der Anbaufl\u00e4che. Die Notwendigkeit f\u00fcr eine solche Synergie ist, dass jeder Gesch\u00e4ftsbereich \u00fcber ein eigenes Team von Fachkr\u00e4ften verf\u00fcgt, das auf das jeweilige Produkt spezialisiert ist und den Landwirt w\u00e4hrend der Saison ber\u00e4t; von der Saat bis zur Ernte.<\/p>\n<p class=\"texto\">Dadurch kann Algosur Qualit\u00e4t, Lebensmittelsicherheit und R\u00fcckverfolgbarkeit von allen Produkten garantieren, sowie den anspruchsvollsten internationalen Qualit\u00e4tsstandards und G\u00fctesiegeln gerecht werden.<\/p>\n<\/div>\n<\/div>\n<div class=\"cell-wp fondo-gris\">\n<div class=\"padding-3\">\n<p class=\"texto\">Die Garantie f\u00fcr R\u00fcckverfolgbarkeit, die konstante Investition und Innovation, um bestehende Produkte zu verbessern, neue Bepflanzungen an die Region anzupassen sowie das Engagement im Anbaugebiet, sind nur einige der Grundpfeiler von Algosurs Erfolg.<\/p>\n<p class=\"texto\">Mit Hauptsitz in Lebrija (Sevilla), geh\u00f6ren weitere Produktionsst\u00e4tten in Lebrija, Los Palacios und El Torbal, sowie logistische Zentren verteilt auf der gesamten iberischen Halbinsel, zur Gruppe.<\/p>\n<p class=\"texto\">Das Unternehmen beliefert einen international gepr\u00e4gten Markt und agiert auf allen Kontinenten, mit steigender Tendenz im Bereich Export.<\/p>\n<p class=\"texto\">Alle Installationen von Algosur gen\u00fcgen bez\u00fcglich Qualit\u00e4t, Umwelt, Sicherheit und Gesundheit den Standards der Gruppe; dar\u00fcber hinaus unterliegen sie den kooperativen Prinzipien und Werten.<\/p>\n<\/div>\n<\/div>\n<\/div>\n<\/div>\n","protected":false},"excerpt":{"rendered":"<p>Algosur Algosur ist eine agroindustrielle Gruppe spezialisiert auf Forschung, Produktion, Transformation und Vermarktung von bestimmten extensiven Bepflanzungen. Zu diesen z\u00e4hlen unter anderem Baumwollfasern, industrielle Tomatenerzeugung, Sonnenblumenkerne, Quinoa (aus eigener Produktion, Spanien), Mais f\u00fcr Popcorn und Waxi Mais. Zu der Gruppe Algosur geh\u00f6rt unter anderem auch ein Gesch\u00e4ftsbereich, der auf Tierfuttermittel und Vitropflanzenproduktion spezialisiert ist. Algosur [&hellip;]<\/p>\n","protected":false},"author":2,"featured_media":0,"parent":0,"menu_order":0,"comment_status":"closed","ping_status":"closed","template":"diseno-full.php","meta":{"_seopress_robots_primary_cat":"0","_seopress_titles_title":"Produktion, Industrialisierung und Kommerzialisierung von agroindustriellen Produkten","_seopress_titles_desc":"Bei Algosur widmen wir uns der Erforschung, Produktion, Umwandlung und Kommerzialisierung umfangreicher Nutzpflanzen. Kontaktiere uns.","_seopress_robots_index":"","inline_featured_image":false,"footnotes":""},"class_list":["post-4614","page","type-page","status-publish","hentry"],"_links":{"self":[{"href":"https:\/\/algosur.es\/de\/wp-json\/wp\/v2\/pages\/4614","targetHints":{"allow":["GET"]}}],"collection":[{"href":"https:\/\/algosur.es\/de\/wp-json\/wp\/v2\/pages"}],"about":[{"href":"https:\/\/algosur.es\/de\/wp-json\/wp\/v2\/types\/page"}],"author":[{"embeddable":true,"href":"https:\/\/algosur.es\/de\/wp-json\/wp\/v2\/users\/2"}],"replies":[{"embeddable":true,"href":"https:\/\/algosur.es\/de\/wp-json\/wp\/v2\/comments?post=4614"}],"version-history":[{"count":1,"href":"https:\/\/algosur.es\/de\/wp-json\/wp\/v2\/pages\/4614\/revisions"}],"predecessor-version":[{"id":4615,"href":"https:\/\/algosur.es\/de\/wp-json\/wp\/v2\/pages\/4614\/revisions\/4615"}],"wp:attachment":[{"href":"https:\/\/algosur.es\/de\/wp-json\/wp\/v2\/media?parent=4614"}],"curies":[{"name":"wp","href":"https:\/\/api.w.org\/{rel}","templated":true}]}}