{"id":4560,"date":"2016-12-15T11:47:31","date_gmt":"2016-12-15T10:47:31","guid":{"rendered":"https:\/\/algosur.es\/kontakt\/"},"modified":"2023-03-06T10:24:15","modified_gmt":"2023-03-06T09:24:15","slug":"kontakt","status":"publish","type":"page","link":"https:\/\/algosur.es\/de\/kontakt\/","title":{"rendered":"Kontakt"},"content":{"rendered":"<p class=\"no-margin\"><img  title=\"Kontakt - Algosur\" loading=\"lazy\" decoding=\"async\" class=\"aligncenter size-full wp-image-672 img-full\" src=\"http:\/\/algosur.es\/wp-content\/uploads\/2019\/05\/cabecera-conjunto.jpg\"  alt=\"Kontakt - Algosur\"  width=\"1600\" height=\"550\" srcset=\"https:\/\/algosur.es\/wp-content\/uploads\/2019\/05\/cabecera-conjunto.jpg 1600w, https:\/\/algosur.es\/wp-content\/uploads\/2019\/05\/cabecera-conjunto-300x103.jpg 300w, https:\/\/algosur.es\/wp-content\/uploads\/2019\/05\/cabecera-conjunto-768x264.jpg 768w, https:\/\/algosur.es\/wp-content\/uploads\/2019\/05\/cabecera-conjunto-1024x352.jpg 1024w\" sizes=\"auto, (max-width: 1600px) 100vw, 1600px\" \/><\/p>\n<div class=\"sheet clearfix\">\n<h1 class=\"titulo-pagina\">Kontakt<\/h1>\n<\/div>\n<section class=\"container-fluid my-5 py-5\">\n<div class=\"row-wp\">\n<div class=\"cell-wp\">\n<h3 class=\"titulo-princ\">Rufen Sie uns an oder senden Sie uns eine Nachricht<\/h3>\n<p class=\"texto mb-0\"><strong>T<\/strong>.<a href=\"tel:+34955972671\" onclick=\"ga('send','event','Seguimiento de llamadas','Click Bot\u00f3n','Tel\u00e9fono Cabecera');\">+34 955 97 26 71<\/a><\/p>\n<p class=\"texto\">Ctra Lebrija-Trebujena km 5.5. 41740. Lebrija &#8211; Sevilla.<\/p>\n<\/div>\n<div class=\"cell-wp\">\n<div class=\"wpcf7 no-js\" id=\"wpcf7-f4632-o1\" lang=\"de-DE\" dir=\"ltr\" data-wpcf7-id=\"4632\">\n<div class=\"screen-reader-response\">\n<p role=\"status\" aria-live=\"polite\" aria-atomic=\"true\">\n<ul><\/ul>\n<\/div>\n<form action=\"\/de\/wp-json\/wp\/v2\/pages\/4560#wpcf7-f4632-o1\" method=\"post\" class=\"wpcf7-form init\" aria-label=\"Kontaktformular\" novalidate=\"novalidate\" data-status=\"init\">\n<div style=\"display: none;\">\n<input type=\"hidden\" name=\"_wpcf7\" value=\"4632\" \/><br \/>\n<input type=\"hidden\" name=\"_wpcf7_version\" value=\"6.0\" \/><br \/>\n<input type=\"hidden\" name=\"_wpcf7_locale\" value=\"de_DE\" \/><br \/>\n<input type=\"hidden\" name=\"_wpcf7_unit_tag\" value=\"wpcf7-f4632-o1\" \/><br \/>\n<input type=\"hidden\" name=\"_wpcf7_container_post\" value=\"0\" \/><br \/>\n<input type=\"hidden\" name=\"_wpcf7_posted_data_hash\" value=\"\" \/><br \/>\n<input type=\"hidden\" name=\"_wpcf7_recaptcha_response\" value=\"\" \/>\n<\/div>\n<div class=\"one_half\">\n<p><span class=\"wpcf7-form-control-wrap\" data-name=\"your-name\"><input size=\"40\" maxlength=\"400\" class=\"wpcf7-form-control wpcf7-text wpcf7-validates-as-required formulario\" aria-required=\"true\" aria-invalid=\"false\" placeholder=\"Name (*)\" value=\"\" type=\"text\" name=\"your-name\" \/><\/span>\n\t<\/p>\n<\/div>\n<div class=\"one_half last\">\n<p><span class=\"wpcf7-form-control-wrap\" data-name=\"your-email\"><input size=\"40\" maxlength=\"400\" class=\"wpcf7-form-control wpcf7-email wpcf7-validates-as-required wpcf7-text wpcf7-validates-as-email formulario\" aria-required=\"true\" aria-invalid=\"false\" placeholder=\"Email (*)\" value=\"\" type=\"email\" name=\"your-email\" \/><\/span>\n\t<\/p>\n<\/div>\n<div class=\"clear\">\n<\/div>\n<div class=\"one_half\">\n<p><span class=\"wpcf7-form-control-wrap\" data-name=\"tel-579\"><input size=\"40\" maxlength=\"400\" class=\"wpcf7-form-control wpcf7-tel wpcf7-text wpcf7-validates-as-tel formulario\" aria-invalid=\"false\" placeholder=\"Telefon\" value=\"\" type=\"tel\" name=\"tel-579\" \/><\/span>\n\t<\/p>\n<\/div>\n<div class=\"one_half last\">\n<p><span class=\"wpcf7-form-control-wrap\" data-name=\"menu-793\"><select class=\"wpcf7-form-control wpcf7-select\" aria-invalid=\"false\" name=\"menu-793\"><option value=\"Profil ausw\u00e4hlen\">Profil ausw\u00e4hlen<\/option><option value=\"Lieferant\">Lieferant<\/option><option value=\"Kunde\">Kunde<\/option><option value=\"Landwirt\">Landwirt<\/option><\/select><\/span>\n\t<\/p>\n<\/div>\n<div class=\"clear\">\n<\/div>\n<p><span class=\"wpcf7-form-control-wrap\" data-name=\"your-message\"><textarea cols=\"40\" rows=\"5\" maxlength=\"2000\" class=\"wpcf7-form-control wpcf7-textarea formulario\" aria-invalid=\"false\" placeholder=\"Nachricht\" name=\"your-message\"><\/textarea><\/span>\n<\/p>\n<p style=\"text-align:center;\"><span class=\"wpcf7-form-control-wrap\" data-name=\"acceptance-771\"><span class=\"wpcf7-form-control wpcf7-acceptance\"><span class=\"wpcf7-list-item\"><input type=\"checkbox\" name=\"acceptance-771\" value=\"1\" aria-invalid=\"false\" \/><\/span><\/span><\/span> Ich habe die <a href=\"http:\/\/algosur.es\/es\/politica-de-privacidad\" target=\"_blank\">Datenschutzerkl\u00e4rung<\/a> und den <a href=\"http:\/\/algosur.es\/es\/aviso-legal\" target=\"_blank\">Rechtshinweis<\/a> gelesen und akzeptiert\n<\/p>\n<p style=\"text-align:center;\"><input class=\"wpcf7-form-control wpcf7-submit has-spinner formulario-button\" type=\"submit\" value=\"Senden\" \/>\n<\/p>\n<p><small>Diese gesendete Nachricht wird zu einem Archiv hinzugef\u00fcgt, wof\u00fcr ALGODONERA DEL SUR, S.A.. verantwortlich ist. Diese Nachricht und damit ihre Daten werden ausschlie\u00dflich dazu verwendet ihre Anfrage, nach geltendem Gesetz (UE) 2016\/679 (RGPD), Organisationsgesetz 15\/1999 (LOPD) und des K\u00f6niglichen Erlasses 1720\/2007 der Entwicklung des LOPD), \u00fcber Datenschutz zu bearbeiten. Ihre Daten werden nicht an Dritte weitergegeben, au\u00dfer in gesetzlich vorgeschriebenen Ausnahmef\u00e4llen, und bleiben archiviert, sofern keine Annullierung beauftragt wird.<\/small>\n<\/p>\n<p><small>Jederzeit k\u00f6nnen Sie die Zugangsrechte, Berichtigung, \u00dcbertragbarkeit und Widerstand oder falls erw\u00fcnscht die Beschr\u00e4nkung und\/oder Annullierung, schriftliche Benachrichtigung, mit Hinweis auf Ihre pers\u00f6nlichen Daten nach Ctra. Lebrija \u2013 Trebujena, Km 5.5 41740, Lebrija oder per Email nach algosur@algosur.com.<\/small>\n<\/p>\n<p style=\"display: none !important;\" class=\"akismet-fields-container\" data-prefix=\"_wpcf7_ak_\"><label>&#916;<textarea name=\"_wpcf7_ak_hp_textarea\" cols=\"45\" rows=\"8\" maxlength=\"100\"><\/textarea><\/label><input type=\"hidden\" id=\"ak_js_1\" name=\"_wpcf7_ak_js\" value=\"186\"\/><script>document.getElementById( \"ak_js_1\" ).setAttribute( \"value\", ( new Date() ).getTime() );<\/script><\/p>\n<div class=\"wpcf7-response-output\" aria-hidden=\"true\"><\/div>\n<\/form>\n<\/div>\n<\/div>\n<\/div>\n<\/section>\n","protected":false},"excerpt":{"rendered":"<p>Kontakt Rufen Sie uns an oder senden Sie uns eine Nachricht T.+34 955 97 26 71 Ctra Lebrija-Trebujena km 5.5. 41740. Lebrija &#8211; Sevilla.<\/p>\n","protected":false},"author":2,"featured_media":0,"parent":0,"menu_order":0,"comment_status":"closed","ping_status":"closed","template":"diseno-full.php","meta":{"_seopress_robots_primary_cat":"0","_seopress_titles_title":"Kontakt zu Unternehmen der Agrarindustrie - Algosur","_seopress_titles_desc":"M\u00fcssen Sie uns kontaktieren? F\u00fcllen Sie das Formular aus und wir von Algosur werden Ihnen so schnell wie m\u00f6glich antworten.","_seopress_robots_index":"","inline_featured_image":false,"footnotes":""},"class_list":["post-4560","page","type-page","status-publish","hentry"],"_links":{"self":[{"href":"https:\/\/algosur.es\/de\/wp-json\/wp\/v2\/pages\/4560","targetHints":{"allow":["GET"]}}],"collection":[{"href":"https:\/\/algosur.es\/de\/wp-json\/wp\/v2\/pages"}],"about":[{"href":"https:\/\/algosur.es\/de\/wp-json\/wp\/v2\/types\/page"}],"author":[{"embeddable":true,"href":"https:\/\/algosur.es\/de\/wp-json\/wp\/v2\/users\/2"}],"replies":[{"embeddable":true,"href":"https:\/\/algosur.es\/de\/wp-json\/wp\/v2\/comments?post=4560"}],"version-history":[{"count":1,"href":"https:\/\/algosur.es\/de\/wp-json\/wp\/v2\/pages\/4560\/revisions"}],"predecessor-version":[{"id":4561,"href":"https:\/\/algosur.es\/de\/wp-json\/wp\/v2\/pages\/4560\/revisions\/4561"}],"wp:attachment":[{"href":"https:\/\/algosur.es\/de\/wp-json\/wp\/v2\/media?parent=4560"}],"curies":[{"name":"wp","href":"https:\/\/api.w.org\/{rel}","templated":true}]}}