{"id":4556,"date":"2017-08-31T14:08:55","date_gmt":"2017-08-31T12:08:55","guid":{"rendered":"https:\/\/algosur.es\/?page_id=4556"},"modified":"2023-03-02T12:56:11","modified_gmt":"2023-03-02T11:56:11","slug":"rechtshinweis","status":"publish","type":"page","link":"https:\/\/algosur.es\/de\/rechtshinweis\/","title":{"rendered":"Rechtshinweis"},"content":{"rendered":"<p class=\"no-margin\"><img  title=\"Rechtshinweis - Algosur\" loading=\"lazy\" decoding=\"async\" class=\"aligncenter size-full wp-image-265 img-full\" src=\"https:\/\/www.algosur.es\/de\/wp-content\/uploads\/2016\/12\/cabecera-contacto.jpg\"  alt=\"Rechtshinweis - Algosur\"  width=\"1600\" height=\"550\" srcset=\"https:\/\/algosur.es\/wp-content\/uploads\/2016\/12\/cabecera-contacto.jpg 1600w, https:\/\/algosur.es\/wp-content\/uploads\/2016\/12\/cabecera-contacto-300x103.jpg 300w, https:\/\/algosur.es\/wp-content\/uploads\/2016\/12\/cabecera-contacto-768x264.jpg 768w, https:\/\/algosur.es\/wp-content\/uploads\/2016\/12\/cabecera-contacto-1024x352.jpg 1024w\" sizes=\"auto, (max-width: 1600px) 100vw, 1600px\" \/><\/p>\n<div class=\"sheet clearfix\">\n<div class=\"margen-2\"><\/div>\n<h1 class=\"titulo-pagina\">Rechtshinweis<\/h1>\n<p>Nach dem Gesetz der Dienstleistungen der Gesellschaft f\u00fcr Informatik und elektronischen Handel und dem geltenden Recht nach Artikel 10 des Gesetzes 34\/2002 informieren wir die Nutzer \u00fcber unsere Daten:<\/p>\n<p>Firmenbezeichnung: ALGODONERA DEL SUR, S.A.<br \/>\nFirmensitz: Ctra. Lebrija &#8211;\u00a0 Trebujena, Km 5.5, 41740 Lebrija, (Sevilla)<br \/>\nCIF: A91472423<br \/>\nTelefon: +34955972671<br \/>\nE-Mail: algosur@algosur.com<br \/>\nInternetseite: www.algosur.com<\/p>\n<div class=\"margen-1\"><\/div>\n<div class=\"linea-gris\"><\/div>\n<div class=\"margen-1\"><\/div>\n<h3>1.- OBJEKT<\/h3>\n<p>ALGODONERA DEL SUR, S.A. (im Folgenden auch der Dienstleister) ist der Verantwortliche der Webseite, und stellt den Nutzern das vorliegende Dokument zur Verf\u00fcgung, welches die Nutzung der Internetseite www.algosur.com, regelt und damit die Einhaltung der rechtlichen Rahmenbedienungen des Gesetzes 34\/2002 der Gesellschaft f\u00fcr Informatik und elektronischen Handel (LSSICE oder LSSI) gew\u00e4hrleistet, sowie die Nutzer \u00fcber die Nutzungsbedingungen informiert.<\/p>\n<p>Durch die Internetseite ALGODONERA DEL SUR, S.A, wird den Nutzern Zugang verschafft zu verschiedenen Services und Inhalten, sowie deren Nutzung.<\/p>\n<p>Jede Person die auf diese Seite zugreift, akzeptiert die Rolle des Nutzers (fortan) welche das absolute Einverst\u00e4ndnis jeglicher Verordnungen in diesem Rechtshinweis impliziert, sowie jeglicher weiterer legaler Verordnungen sollten diese zur Anwendung kommen.<\/p>\n<p>Als Nutzer m\u00fcssen aufmerksam, jedes Mal wenn Sie diese Seite besuchen, diesen Rechtshinweis lesen, da diese Internetseite \u00c4nderungen beinhalten kann und der Webbetreiber sich das Rech vorbeh\u00e4lt \u00c4nderungen ohne vorherige Benachrichtigung vorzunehmen; es gen\u00fcgt die aktualisierte Information auf der Internetseite.<\/p>\n<div class=\"margen-1\"><\/div>\n<div class=\"linea-gris\"><\/div>\n<div class=\"margen-1\"><\/div>\n<h3>2. ZUGANGS,- UND NUTZUNGSBEDINGUNGEN DER INTERNETSEITE<\/h3>\n<h4>2.1. Kostenloser Zugang sowie Nutzung der Internetseite<\/h4>\n<p>Die zur Verf\u00fcgungstellung der Services von Seiten der ALGODONERA DEL SUR, S.A. ist kostenlos f\u00fcr alle Nutzer. Nichtsdestotrotz, sind einige der bereitgestellten Services durch den Webbetreiber an bestimmte Bezahlungen unter generelle Vertragsbedingungen gebunden.<\/p>\n<h4>2.2. Nutzerregistrierung.<\/h4>\n<p>Generell ist keine vorherige Registrierung oder Abonnement der Nutzer notwendig, um die Services dieser Intranetseite zu nutzen. Nichtsdestotrotz, bindet, ALGODONERA DEL SUR, S.A. die Nutzung einiger Services, an die vorherige Registrierung. Auf diese Registrierung wird an der entsprechenden Stelle ausdr\u00fccklich hingewiesen.<\/p>\n<h4>2.3. Richtigkeit der Information.<\/h4>\n<p>Die gesamten Informationen, die der Nutzer zur Verf\u00fcgung stellt m\u00fcssen wahr sein. Dementsprechend garantiert der Nutzer die Richtigkeit der ausgef\u00fcllten Daten in den Formularen, um die jeweiligen Services zu abonnieren. Es ist die Verantwortung des Nutzers diese Daten, die ALGODONERA DEL SUR, S.A. bereitgestellt wurden, nach bestem Wissen und Gewissen zu aktualisieren falls dies erforderlich ist. In jedem Fall ist der Nutzer der einzige Verantwortliche f\u00fcr unwahre Daten und die Konsequenzen, die diese falschen bzw. nicht exakten Angaben f\u00fcr den Webbetreiber oder Dritte nach sich ziehen.<\/p>\n<h4>2.4. Minderj\u00e4hrige.<\/h4>\n<p>F\u00fcr die Nutzung der Services, m\u00fcssen Minderj\u00e4hrige immer vorher die Einverst\u00e4ndnis Ihrer Eltern, Lehrer oder legalen Vertreter einholen, die f\u00fcr alle durchgef\u00fchrten Aktionen durch die Minderj\u00e4hrigen zur Verantwortung gezogen werden. Sie haben ebenfalls die Verantwortung zu bestimmen ob konkrete Inhalte auf die, die Minderj\u00e4hrigen zugreifen angemessen sind. Falls die Minderj\u00e4hrigen auf nicht angemessene Inhalte zugreifen, m\u00fcssen Mechanismen auf den Computern eingerichtet werden, zum Beispiel informatische Programme, Filter oder Sperrungen, die es m\u00f6glich machen, die verf\u00fcgbaren Inhalte einzuschr\u00e4nken, obwohl diese nicht unfehlbar sind, helfen sie besonders bei der Kontrolle und Einschr\u00e4nkung von Inhalten, auf die die Minderj\u00e4hrigen zugreifen k\u00f6nnen.<\/p>\n<h4>2.5. Verpflichtung der korrekten Nutzung der Webseite.<\/h4>\n<p>Der Nutzer verpflichtet sich zur Nutzung der Webseite gem\u00e4\u00df Gesetz und nach aktuellem Rechtshinweis, sowie nach bestem Wissen und Gewissen. Demnach verzichtet der Nutzer auf eine Nutzung der Interseite mit unzul\u00e4ssigen oder illegalen Absichten, Verletzung von Interessen von Dritten, oder die in jeglicher Form die normale Nutzung des Endger\u00e4tes, Dokumente oder Archive jeglichen Inhaltes auf jeglichen Endger\u00e4ten des Dienstleisters besch\u00e4digen, unbrauchbar machen, \u00fcberlasten, verschlei\u00dfen oder dessen normale Nutzung beeintr\u00e4chtigen.<\/p>\n<p>Im Besonderen, einschlie\u00dflich, aber nicht darauf beschr\u00e4nkt, verpflichtet sich der Nutzer keine Daten, Inhalte, Mitteilungen, Graphiken, Zeichnungen, Tondateien oder Bilder, Fotos, Tonaufnahmen, Software und generell jegliches Material, zu verbreiten, weiterzuleiten oder Dritten zur Verf\u00fcgung zur stellen, welches:<\/p>\n<p>(a) Gegen die durch internationale Abkommen und geltende Richtlinien anerkannten Grundreche und offizielle konstitutiv \u00f6ffentliche Freiheiten widerspricht, oder diese missachtet;<br \/>\n(b) Unzul\u00e4ssiges, erniedrigendes, verleumderisches, gewaltt\u00e4tiges oder generell gesetzeswidriges, unmoralisches oder \u00f6ffentlich inakzeptables Handeln andeutet, anstiftet oder durchf\u00fchrt;<br \/>\n(c) Aktivit\u00e4ten, Verhalten oder diskriminierende Gedanken bez\u00fcglich Geschlechtes, Rasse, Religion, Glauben, Alter oder Verfassung andeutet, anstiftet oder in die Tat umsetzt;<br \/>\n(d) Im Widerstreit steht zu Recht und Ehre, pers\u00f6nliche oder famili\u00e4re Intimit\u00e4t oder der eigenen Reputation;<br \/>\n(e) In jeglicher Art die Glaubw\u00fcrdigkeit des Dienstleisters oder Dritter negativ beeinflusst; und<br \/>\n(f) Unzul\u00e4ssige, betr\u00fcgerische oder unlautere Werbung darstellt.<\/p>\n<div class=\"margen-1\"><\/div>\n<div class=\"linea-gris\"><\/div>\n<div class=\"margen-1\"><\/div>\n<h3>3.- AUSSCHLU\u03b2 VON GARANTIEN UND VERANTWORTUNG<\/h3>\n<p>Der Dienstleister wird jeglicher Verantwortung in Verbindung mit ver\u00f6ffentlichter Information freigestellt, die manipuliert oder durch externe Dritte hinzugef\u00fcgt wurde. Diese Internetseite wurde \u00fcberpr\u00fcft und auf ihre korrekte Funktionsweise hin getestet. Im Prinzip kann die korrekte Funktionsweise 365 Tage im Jahre, 24 Stunden t\u00e4glich garantiert werden, nichtsdestotrotz schlie\u03b2t der Dienstleister die M\u00f6glichkeit nicht aus, dass bestimmte Programmierfehler existieren oder das h\u00f6here Gewalt wie Naturkatastrophen, Streik oder \u00e4hnlich Umst\u00e4nde auftreten k\u00f6nnen, die den Zugang zur Internetseite zeitweise unm\u00f6glich machen.<\/p>\n<p>ALGODONERA DEL SUR, S.A. garantiert keinesfalls und macht sich auch nicht verantwortlich f\u00fcr Sch\u00e4den oder jegliche Vorf\u00e4lle, die durch den fehlenden Zugang, Instandhaltung oder effektive Funktionsweise der Internetseite oder der Services und Inhalte entstehen k\u00f6nnen; Die Existenz von Viren, sch\u00e4dlichen oder boshaften Inhalten; der unberechtigten, fahrl\u00e4ssigen, fraudul\u00f6sen Nutzung oder Nutzung entgegen des Rechtshinweises und Nutzungsbestimmungen; fehlender Befugtheit, Qualit\u00e4t, Seriosit\u00e4t, Nutzung und zur Verf\u00fcgungstellung der Services durch Dritte auf der Internetseite.<\/p>\n<p>Der Dienstleister macht sich unter keinen Umst\u00e4nden verantwortlich f\u00fcr Sch\u00e4den, die durch illegale oder unberechtigte Nutzung hervorgerufenen werden k\u00f6nnen.<\/p>\n<div class=\"margen-1\"><\/div>\n<div class=\"linea-gris\"><\/div>\n<div class=\"margen-1\"><\/div>\n<h3>4.- COOKIES<\/h3>\n<p>Die Internetseite des Dienstleisters kann Cookies benutzen (kleine Informationsarchive, die der Server an den Computer des Nutzers der Internetseite sendet), um bestimmte Funktionen durchzuf\u00fchren, die unabdingbar f\u00fcr die korrekte Funktionsweise und Visualisierung der Internetseite sind. Die benutzten Cookies dienen in jedem Fall tempor\u00e4r dem Ziel die Navigation auf der Internetseite zu verbessern und verschwinden bei Abmeldung des Nutzers wieder.<\/p>\n<p>In keinem Fall werden Cookies dazu benutzt, um pers\u00f6nliche Information zu sammeln.<\/p>\n<p>Weitere Informationen dazu unter dem Punkt <a href=\"https:\/\/www.algosur.es\/de\/cookies-policy\">Cookies Policy<\/a>.<\/p>\n<div class=\"margen-1\"><\/div>\n<div class=\"linea-gris\"><\/div>\n<div class=\"margen-1\"><\/div>\n<h3>5.- LINKS<\/h3>\n<p>Es ist m\u00f6glich, dass sie von der Internetseite auf Inhalte von Dritten Internetseiten weitergeleitet werden. Da der ver\u00f6ffentlichte Inhalt durch Dritte auf diesen Internetseiten nicht immer kontrolliert werden kann, macht sich ALGODONERA DEL SUR, S.A. in keinem Fall f\u00fcr diese Inhalte verantwortlich. In jedem Fall versichert der Dienstleister das sofortige Vorgehen und entfernen von Inhalten, die gegen nationale und internationale Richtlinien versto\u00dfen, unmoralisch sind oder der \u00f6ffentlichen Ordnung widersprechen und mit sofortiger Wirkung von der Weiterleitung entfernt werden, sowie die entsprechenden Autorit\u00e4ten \u00fcber den fraglichen Inhalt dieser Seiten in Kenntnis setzten.<\/p>\n<p>Der Dienstleister macht sich nicht f\u00fcr archivierte Informationen verantwortlich, einschlie\u00dflich, aber nicht beschr\u00e4nkt auf Foren, Chats, Blogs, Kommentare, soziale Netzwerke oder jegliche andere Medien, die es Dritten erlaubt unabh\u00e4ngig Inhalte auf der Internetseite des Dienstleisters zu ver\u00f6ffentlichen. Nichtsdestotrotz, gem\u00e4\u00df des Artikels 11 und 16 der LSSICE, stellt sich der Dienstleister jedem Nutzer, Autorit\u00e4t und Sicherheitskr\u00e4ften zur Verf\u00fcgung und wirkt aktiv mit bei der Entfernung, oder falls notwendig, der Blockierung all dieser Inhalte, die negative Auswirkungen haben oder nationalen sowie internationalen Regelungen, Rechten von Dritten oder ethischen und \u00f6ffentlichen Grunds\u00e4tzen widersprechen. F\u00fcr den Fall, dass ein Nutzer einen Verdacht \u00fcber die Existenz eines der Klassifikation entsprechenden Inhalte hegt, bitten wir um eine sofortige Mitteilung an den Administrator der Internetseite.<\/p>\n<div class=\"margen-1\"><\/div>\n<div class=\"linea-gris\"><\/div>\n<div class=\"margen-1\"><\/div>\n<h3>6.- Datenschutz<\/h3>\n<p>Der Dienstleister f\u00fchlt sich h\u00f6chstverpflichtet die pers\u00f6nlichen Datenschutzbestimmungen einzuhalten und garantiert die jederzeitige Einhaltung der entsprechenden Pflichten, ebenso wie die Umsetzungen der Sicherheit gem\u00e4\u00df des Erlasses der europ\u00e4ischen Datenverordnung und der spanischen <a href=\"https:\/\/www.algosur.es\/de\/datenschutzerklaerung\/\">Datenschutzverordnung<\/a>.<\/p>\n<div class=\"margen-1\"><\/div>\n<div class=\"linea-gris\"><\/div>\n<div class=\"margen-1\"><\/div>\n<h3>7. Soziale Netze<\/h3>\n<p>Wir informieren Sie das ALGODONERA DEL SUR, S.A. in sozialen Netzwerken vertreten sein kann. Die Verarbeitung der Nutzerdaten in diesen sozialen Netzwerken (Als Follower der Netze des Dienstleisters) (und\/oder bei jeglicher Referenz oder Verbindung durch diese Netze) wird in diesem Abschnitt geregelt, sowie die Nutzungsbedingungen, Datenschutz,- sowie Zugangsbestimmungen und Nutzungsbestimmungen der besagten sozialen Netzwerke, die im Vorhinein durch den Nutzer akzeptiert worden sind. ALGODONERA DEL SUR, S.A. verarbeitet Ihre Daten mit der Absicht Sie \u00fcber Aktivit\u00e4ten, Produkte und Services des Dienstleisters in den sozialen Netzwerke zu informieren, sowie f\u00fcr jegliches weitere Absicht, welche die Normen \u00fcber soziale Netzwerke erlauben, wobei keine Verantwortung f\u00fcr deren Datenschutzbestimmungen \u00fcbernommen wird.<\/p>\n<p>Die Ver\u00f6ffentlichung folgender Inhalte ist verboten:<\/p>\n<p>&#8211; Vermeintlich, rechtswidrige Inhalte laut nationaler, kommunaler oder internationaler Gesetzgebung oder vermeintlich, rechtswidrige Aktivit\u00e4ten die gegen die Prinzipien von Treu und Glauben versto\u03b2en.<\/p>\n<p>&#8211; Die Grundgesetzte der Personen angreifen, an H\u00f6flichkeit mangeln, st\u00f6ren oder negative Meinungen unserer Nutzer, Dritter oder generell jeglicher Inhalte, die ALGODONERA DEL SUR, S.A. als nicht angemessen bezeichnet<\/p>\n<p>&#8211; Die generell den Prinzipien der Rechtm\u00e4\u03b2igkeit, Ehrenhaftigkeit, Verantwortung, Schutz der Menschenw\u00fcrde, Schutz von Minderj\u00e4hrigen, Schutz der \u00f6ffentlichen Ordnung, Schutz der Privatsph\u00e4re, Konsumentenschutz und den geistigen sowie gewerblichen Besitzrechten widersprechen.<\/p>\n<p>Dar\u00fcber hinaus h\u00e4lt sich ALGODONERA DEL SUR, S.A. die Befugnis vor, ohne vorherige Ank\u00fcndigung auf der Internetseite oder der sozialen Netzwerke, solche Inhalte zu entfernen, die als nicht angemessen erachtet werden.<\/p>\n<div class=\"margen-1\"><\/div>\n<div class=\"linea-gris\"><\/div>\n<div class=\"margen-1\"><\/div>\n<h3>8.- GEISTIGES UND GEWERBLICHES EIGENTUM<\/h3>\n<p>Die Internetseite umfasst, einschlie\u00dflich, aber nicht beschr\u00e4nkt die Programmierung, Bearbeitung, Sammlung und andere notwendigen Elemente f\u00fcr die korrekte Funktionsweise der Intermetseite wie Design, Logos, Texte, Fotos und\/oder Graphiken, welche Eigentum des Dienstleisters sind und falls erforderlich \u00fcber die Lizenz oder ausdr\u00fcckliche Autorisierung der Autoren verf\u00fcgt. Alle Inhalte der Internetseite sind ordnungsgem\u00e4\u00df durch die Gesetzgebung des geistigen und gewerblichen Eigentums gesch\u00fctzt.<\/p>\n<p>Unabh\u00e4ngig von der Absicht, ist f\u00fcr die gesamte oder teilweise Reproduktion, Nutzen, Verteilung und \u00f6ffentliche Kommunikation eine vorherige schriftliche Autorisierung des Dienstleisters n\u00f6tig. Jegliche nicht vorher durch den Dienstleister autorisierte Nutzung, wird als Versto\u00df gegen die Rechte des geistigen und gewerblichen Eigentums des Autors angesehen.<\/p>\n<p>Die externen Designs, Logos, Texte, und\/oder Graphiken, die auf der Internetseite erscheinen k\u00f6nnen, geh\u00f6ren den entsprechenden Eigent\u00fcmern, welche sich vor jeglicher Streitfrage selbst f\u00fcr diese verantworten. In jedem Fall verf\u00fcgt der Dienstleister \u00fcber eine ausdr\u00fcckliche vorherige Autorisierung dieser Eigent\u00fcmer.<\/p>\n<p>Der Dienstleister erkennt die entsprechenden geistigen und gesetzlichen Rechte des Eigentums der Autoren an, auch wenn nicht, die Existenz der Rechte oder jegliche Verantwortung des Dienstleisters f\u00fcr diese, weder F\u00f6rderung noch Empfehlung auf der Internetseite genannt oder gezeigt werden.<\/p>\n<p>Falls Sie eine Beobachtung in Bezug auf nicht Einhaltung der geistigen oder gewerblichen Rechte, sowie jeglichen Inhalt der Internetseite mitteilen m\u00f6chten, k\u00f6nnen Sie dies \u00fcber die oben angegebene Email tun.<\/p>\n<div class=\"margen-1\"><\/div>\n<div class=\"linea-gris\"><\/div>\n<div class=\"margen-1\"><\/div>\n<h3>9.- GELTENDES RECHT UND GERICHTSSTAND<\/h3>\n<p>F\u00fcr die Aufkl\u00e4rung der Streitf\u00e4lle oder Fragen \u00fcber die aktuelle Internetseite oder in den dort entwickelten Aktivit\u00e4ten, wird das spanische Recht angewandt, dem sich die Beteiligten ausdr\u00fccklich unterziehen und im Stande sind alle mit der Nutzung verbundenen oder resultierenden Konflikte in den Gerichten von Sevilla zu l\u00f6sen.<\/p>\n<\/div>\n","protected":false},"excerpt":{"rendered":"<p>Rechtshinweis Nach dem Gesetz der Dienstleistungen der Gesellschaft f\u00fcr Informatik und elektronischen Handel und dem geltenden Recht nach Artikel 10 des Gesetzes 34\/2002 informieren wir die Nutzer \u00fcber unsere Daten: Firmenbezeichnung: ALGODONERA DEL SUR, S.A. Firmensitz: Ctra. Lebrija &#8211;\u00a0 Trebujena, Km 5.5, 41740 Lebrija, (Sevilla) CIF: A91472423 Telefon: +34955972671 E-Mail: algosur@algosur.com Internetseite: www.algosur.com 1.- OBJEKT [&hellip;]<\/p>\n","protected":false},"author":2,"featured_media":0,"parent":0,"menu_order":0,"comment_status":"closed","ping_status":"closed","template":"diseno-full.php","meta":{"_seopress_robots_primary_cat":"0","_seopress_titles_title":"","_seopress_titles_desc":"","_seopress_robots_index":"","inline_featured_image":false,"footnotes":""},"class_list":["post-4556","page","type-page","status-publish","hentry"],"_links":{"self":[{"href":"https:\/\/algosur.es\/de\/wp-json\/wp\/v2\/pages\/4556","targetHints":{"allow":["GET"]}}],"collection":[{"href":"https:\/\/algosur.es\/de\/wp-json\/wp\/v2\/pages"}],"about":[{"href":"https:\/\/algosur.es\/de\/wp-json\/wp\/v2\/types\/page"}],"author":[{"embeddable":true,"href":"https:\/\/algosur.es\/de\/wp-json\/wp\/v2\/users\/2"}],"replies":[{"embeddable":true,"href":"https:\/\/algosur.es\/de\/wp-json\/wp\/v2\/comments?post=4556"}],"version-history":[{"count":1,"href":"https:\/\/algosur.es\/de\/wp-json\/wp\/v2\/pages\/4556\/revisions"}],"predecessor-version":[{"id":4557,"href":"https:\/\/algosur.es\/de\/wp-json\/wp\/v2\/pages\/4556\/revisions\/4557"}],"wp:attachment":[{"href":"https:\/\/algosur.es\/de\/wp-json\/wp\/v2\/media?parent=4556"}],"curies":[{"name":"wp","href":"https:\/\/api.w.org\/{rel}","templated":true}]}}